{"id":71,"date":"2016-10-10T15:05:26","date_gmt":"2016-10-10T15:05:26","guid":{"rendered":""},"modified":"2016-10-10T18:28:19","modified_gmt":"2016-10-10T16:28:19","slug":"impressum","status":"publish","type":"page","link":"https:\/\/www.winzerhotel-storr.de\/fgrut\/impressum\/","title":{"rendered":"Impressum"},"content":{"rendered":"<div id='full_slider_1'  class='avia-fullwidth-slider main_color avia-shadow   avia-builder-el-0  el_before_av_textblock  avia-builder-el-first   container_wrap sidebar_right'  ><div  class='avia-slideshow av-av_slideshow_full-4f3ef5c0d0c5e5a45e27d5f99336c2be avia-slideshow-featured av_slideshow_full avia-slide-slider av-slideshow-ui av-control-default av-slideshow-manual av-loop-once av-loop-manual-endless av-default-height-applied   avia-slideshow-1' data-slideshow-options=\"{&quot;animation&quot;:&quot;slide&quot;,&quot;autoplay&quot;:false,&quot;loop_autoplay&quot;:&quot;once&quot;,&quot;interval&quot;:5,&quot;loop_manual&quot;:&quot;manual-endless&quot;,&quot;autoplay_stopper&quot;:false,&quot;noNavigation&quot;:false,&quot;bg_slider&quot;:false,&quot;keep_padding&quot;:false,&quot;hoverpause&quot;:false,&quot;show_slide_delay&quot;:0}\"  itemprop=\"image\" itemscope=\"itemscope\" itemtype=\"https:\/\/schema.org\/ImageObject\" ><ul class='avia-slideshow-inner ' style='padding-bottom: 28.666666666667%;'><li  class='avia-slideshow-slide av-av_slideshow_full-4f3ef5c0d0c5e5a45e27d5f99336c2be__1  slide-1 slide-odd'><div data-rel='slideshow-1' class='avia-slide-wrap '   ><img decoding=\"async\" fetchpriority=\"high\" class=\"wp-image-204 avia-img-lazy-loading-not-204\"  src=\"https:\/\/www.winzerhotel-storr.de\/fgrut\/wp-content\/uploads\/2016\/10\/slider_impressum.jpg\" width=\"1500\" height=\"430\" title='slider_impressum' alt=''  itemprop=\"thumbnailUrl\" srcset=\"https:\/\/www.winzerhotel-storr.de\/fgrut\/wp-content\/uploads\/2016\/10\/slider_impressum.jpg 1500w, https:\/\/www.winzerhotel-storr.de\/fgrut\/wp-content\/uploads\/2016\/10\/slider_impressum-300x86.jpg 300w, https:\/\/www.winzerhotel-storr.de\/fgrut\/wp-content\/uploads\/2016\/10\/slider_impressum-768x220.jpg 768w, https:\/\/www.winzerhotel-storr.de\/fgrut\/wp-content\/uploads\/2016\/10\/slider_impressum-1030x295.jpg 1030w, https:\/\/www.winzerhotel-storr.de\/fgrut\/wp-content\/uploads\/2016\/10\/slider_impressum-705x202.jpg 705w, https:\/\/www.winzerhotel-storr.de\/fgrut\/wp-content\/uploads\/2016\/10\/slider_impressum-450x129.jpg 450w\" sizes=\"(max-width: 1500px) 100vw, 1500px\" \/><\/div><\/li><\/ul><\/div><\/div><div id='after_full_slider_1'  class='main_color av_default_container_wrap container_wrap sidebar_right'  ><div class='container av-section-cont-open' ><div class='template-page content  av-content-small alpha units'><div class='post-entry post-entry-type-page post-entry-71'><div class='entry-content-wrapper clearfix'>\n<section  class='av_textblock_section av-av_textblock-0366cc7376be6c9e82a3e9cc8987b64f '   itemscope=\"itemscope\" itemtype=\"https:\/\/schema.org\/CreativeWork\" ><div class='avia_textblock'  itemprop=\"text\" ><p>Winzerhotel Himmelacker, Weingut Storr<br \/>\nBernhard Storr<br \/>\nWesthofer Stra\u00dfe 1<br \/>\nD-55232 Dautenheim<br \/>\nwinzerhotel.storr@t-online.de<br \/>\nTel.: 06731 \/ 42112<br \/>\nFax.: 06731 \/ 42680<\/p>\n<p><a href=\"http:\/\/www.winzerhotel-storr.de\/fgrut\/wp-content\/uploads\/2016\/10\/anfahrtskizze2.jpg\"><img loading=\"lazy\" decoding=\"async\" class=\"alignnone size-full wp-image-202\" src=\"http:\/\/www.winzerhotel-storr.de\/fgrut\/wp-content\/uploads\/2016\/10\/anfahrtskizze2.jpg\" alt=\"anfahrtskizze2\" width=\"400\" height=\"437\" srcset=\"https:\/\/www.winzerhotel-storr.de\/fgrut\/wp-content\/uploads\/2016\/10\/anfahrtskizze2.jpg 400w, https:\/\/www.winzerhotel-storr.de\/fgrut\/wp-content\/uploads\/2016\/10\/anfahrtskizze2-275x300.jpg 275w\" sizes=\"auto, (max-width: 400px) 100vw, 400px\" \/><\/a><\/p>\n<p>Gem\u00e4\u00df \u00a7 28 BDSG widerspreche ich jeder kommerziellen Verwendung und Weitergabe meiner Daten.<\/p>\n<p>Verantwortungsbereich:<br \/>\nDas Impressum gilt nur f\u00fcr die Internetpr\u00e4senz unter der Adresse: www.winzerhotel.com.<br \/>\nAbgrenzung: Die Web-Pr\u00e4senz ist Teil des WWW und dementsprechend mit fremden, sich jederzeit wandeln k\u00f6nnenden Web-Sites verkn\u00fcpft, die folglich auch nicht diesem Verantwortungsbereich unterliegen und f\u00fcr die nachfolgende Informationen nicht gelten. Dass die Links weder gegen Sitten noch Gesetze versto\u00dfen, wurde genau einmal gepr\u00fcft: bevor sie hier aufgenommen wurden. Solche Links, die zu fremden Webprojekten f\u00fchren, erkennen Sie daran: neues Browserfenster<\/p>\n<p>Screendesign, Programmierung und Fotografie:<br \/>\nGrafikagentur Sch\u00e4fer<br \/>\nKlaudia Sch\u00e4fer, 55288 Armsheim,<br \/>\nTelefon 06734 961 169<\/p>\n<p>Verantwortliche Ansprechperson:<br \/>\nBernhard Storr<br \/>\nWesthofer Stra\u00dfe 1<br \/>\nD-55232 Dautenheim<\/p>\n<p>Schnelle elektronische und unmittelbare Kommunikation:<br \/>\nwinzerhotel.storr@t-online.de<\/p>\n<p>Ust.-ID-Nr.: DE 237051772<\/p>\n<p>Zweck dieses Webprojektes:<br \/>\nVorstellung Winzerhotel Himmelacker und Weingut Storr<\/p>\n<p>Journalistisch-redaktionelle Verantwortung:<br \/>\nBernhard Storr<\/p>\n<p>Aufsichtsbeh\u00f6rde:<br \/>\nMinisterium f\u00fcr Wirtschaft, Verkehr, Landwirtschaft und Weinbau, Stiftstr. 9, 55116 Mainz.<br \/>\nLandwirtschaftskammer Rheinland-Pfalz, Burgenlandstr. 7, 55543 Bad Kreuznach<br \/>\ngesetzliche Grundlage: Weingesetz<\/p>\n<p>Urheberschutz und Nutzung<br \/>\nDer Urheber r\u00e4umt Ihnen ganz konkret das Nutzungsrecht ein, sich eine private Kopie f\u00fcr pers\u00f6nliche Zwecke anzufertigen. Nicht berechtigt sind Sie dagegen, die Materialien zu ver\u00e4ndern und \/oder weiter zu geben oder gar selbst zu ver\u00f6ffentlichen.<br \/>\nWenn nicht ausdr\u00fccklich anders vermerkt, liegen die Urheberrechte f\u00fcr Texte bei: Weingut Storr<br \/>\nDie meisten Illustrationen und Fotos unterliegen den Urheberrechten von: Klaudia Sch\u00e4fer<\/p>\n<p>Datenschutz<br \/>\nPersonenbezogene Daten werden nur mit Ihrem Wissen und Ihrer Einwilligung erhoben. Auf Antrag erhalten Sie unentgeltlich Auskunft zu den \u00fcber Sie gespeicherten personenbezogenen Daten. Wenden Sie sich dazu bitte an:<br \/>\nBernhard Storr<br \/>\nWesthofer Stra\u00dfe 1<br \/>\nD-55232 Dautenheim<br \/>\nwinzerhotel.storr@t-online.de<\/p>\n<p>Keine Haftung:<br \/>\nDie Inhalte dieses Webprojektes wurden sorgf\u00e4ltig gepr\u00fcft und nach bestem Wissen erstellt. Aber f\u00fcr die hier dargebotenen Informationen wird kein Anspruch auf Vollst\u00e4ndigkeit, Aktualit\u00e4t, Qualit\u00e4t und Richtigkeit erhoben. Es kann keine Verantwortung f\u00fcr Sch\u00e4den \u00fcbernommen werden, die durch das Vertrauen auf die Inhalte dieser Website oder deren Gebrauch entstehen.<br \/>\nSchutzrechtsverletzung: Falls Sie vermuten, dass von dieser Website aus eines Ihrer Schutzrechte verletzt wird, teilen Sie das bitte umgehend per elektronischer Post mit, damit z\u00fcgig Abhilfe geschafft werden kann. Bitte nehmen Sie zur Kenntnis: Die zeitaufw\u00e4ndigere Einschaltung eines Anwaltes zur f\u00fcr den Diensteanbieter kostenpflichtigen Abmahnung entspricht nicht dessen wirklichen oder mutma\u00dflichen Willen.<\/p>\n<\/div><\/section>\n","protected":false},"excerpt":{"rendered":"","protected":false},"author":1,"featured_media":0,"parent":0,"menu_order":0,"comment_status":"closed","ping_status":"closed","template":"","meta":{"footnotes":""},"class_list":["post-71","page","type-page","status-publish","hentry"],"_links":{"self":[{"href":"https:\/\/www.winzerhotel-storr.de\/fgrut\/wp-json\/wp\/v2\/pages\/71","targetHints":{"allow":["GET"]}}],"collection":[{"href":"https:\/\/www.winzerhotel-storr.de\/fgrut\/wp-json\/wp\/v2\/pages"}],"about":[{"href":"https:\/\/www.winzerhotel-storr.de\/fgrut\/wp-json\/wp\/v2\/types\/page"}],"author":[{"embeddable":true,"href":"https:\/\/www.winzerhotel-storr.de\/fgrut\/wp-json\/wp\/v2\/users\/1"}],"replies":[{"embeddable":true,"href":"https:\/\/www.winzerhotel-storr.de\/fgrut\/wp-json\/wp\/v2\/comments?post=71"}],"version-history":[{"count":6,"href":"https:\/\/www.winzerhotel-storr.de\/fgrut\/wp-json\/wp\/v2\/pages\/71\/revisions"}],"predecessor-version":[{"id":205,"href":"https:\/\/www.winzerhotel-storr.de\/fgrut\/wp-json\/wp\/v2\/pages\/71\/revisions\/205"}],"wp:attachment":[{"href":"https:\/\/www.winzerhotel-storr.de\/fgrut\/wp-json\/wp\/v2\/media?parent=71"}],"curies":[{"name":"wp","href":"https:\/\/api.w.org\/{rel}","templated":true}]}}