{"id":52,"date":"2016-10-10T14:47:39","date_gmt":"2016-10-10T12:47:39","guid":{"rendered":"http:\/\/www.winzerhotel-storr.de\/fgrut\/?page_id=52"},"modified":"2024-03-18T10:23:57","modified_gmt":"2024-03-18T09:23:57","slug":"weingut","status":"publish","type":"page","link":"https:\/\/www.winzerhotel-storr.de\/fgrut\/weingut\/","title":{"rendered":"Weingut"},"content":{"rendered":"<div id='full_slider_1'  class='avia-fullwidth-slider main_color avia-shadow   avia-builder-el-0  el_before_av_heading  avia-builder-el-first   container_wrap sidebar_right'  ><div  class='avia-slideshow av-9qiek-636a6e1e9edf69121ab4fcb36a729569 avia-slideshow-featured av_slideshow_full avia-slide-slider av-slideshow-ui av-control-default av-slideshow-manual av-loop-once av-loop-manual-endless av-default-height-applied   avia-slideshow-1' data-slideshow-options=\"{&quot;animation&quot;:&quot;slide&quot;,&quot;autoplay&quot;:false,&quot;loop_autoplay&quot;:&quot;once&quot;,&quot;interval&quot;:5,&quot;loop_manual&quot;:&quot;manual-endless&quot;,&quot;autoplay_stopper&quot;:false,&quot;noNavigation&quot;:false,&quot;bg_slider&quot;:false,&quot;keep_padding&quot;:false,&quot;hoverpause&quot;:false,&quot;show_slide_delay&quot;:0}\"  itemprop=\"image\" itemscope=\"itemscope\" itemtype=\"https:\/\/schema.org\/ImageObject\" ><ul class='avia-slideshow-inner ' style='padding-bottom: 28.666666666667%;'><li  class='avia-slideshow-slide av-9qiek-636a6e1e9edf69121ab4fcb36a729569__0  slide-1 slide-odd'><div data-rel='slideshow-1' class='avia-slide-wrap '   ><img decoding=\"async\" fetchpriority=\"high\" class=\"wp-image-84 avia-img-lazy-loading-not-84\"  src=\"https:\/\/www.winzerhotel-storr.de\/fgrut\/wp-content\/uploads\/2016\/10\/slider7.jpg\" width=\"1500\" height=\"430\" title='slider7' alt=''  itemprop=\"thumbnailUrl\" srcset=\"https:\/\/www.winzerhotel-storr.de\/fgrut\/wp-content\/uploads\/2016\/10\/slider7.jpg 1500w, https:\/\/www.winzerhotel-storr.de\/fgrut\/wp-content\/uploads\/2016\/10\/slider7-300x86.jpg 300w, https:\/\/www.winzerhotel-storr.de\/fgrut\/wp-content\/uploads\/2016\/10\/slider7-768x220.jpg 768w, https:\/\/www.winzerhotel-storr.de\/fgrut\/wp-content\/uploads\/2016\/10\/slider7-1030x295.jpg 1030w, https:\/\/www.winzerhotel-storr.de\/fgrut\/wp-content\/uploads\/2016\/10\/slider7-705x202.jpg 705w, https:\/\/www.winzerhotel-storr.de\/fgrut\/wp-content\/uploads\/2016\/10\/slider7-450x129.jpg 450w\" sizes=\"(max-width: 1500px) 100vw, 1500px\" \/><\/div><\/li><li  class='avia-slideshow-slide av-9qiek-636a6e1e9edf69121ab4fcb36a729569__1  slide-2 slide-even'><div data-rel='slideshow-1' class='avia-slide-wrap '   ><img decoding=\"async\" fetchpriority=\"high\" class=\"wp-image-57 avia-img-lazy-loading-not-57\"  src=\"https:\/\/www.winzerhotel-storr.de\/fgrut\/wp-content\/uploads\/2016\/10\/slider5.jpg\" width=\"1500\" height=\"430\" title='slider5' alt=''  itemprop=\"thumbnailUrl\" srcset=\"https:\/\/www.winzerhotel-storr.de\/fgrut\/wp-content\/uploads\/2016\/10\/slider5.jpg 1500w, https:\/\/www.winzerhotel-storr.de\/fgrut\/wp-content\/uploads\/2016\/10\/slider5-300x86.jpg 300w, https:\/\/www.winzerhotel-storr.de\/fgrut\/wp-content\/uploads\/2016\/10\/slider5-768x220.jpg 768w, https:\/\/www.winzerhotel-storr.de\/fgrut\/wp-content\/uploads\/2016\/10\/slider5-1030x295.jpg 1030w, https:\/\/www.winzerhotel-storr.de\/fgrut\/wp-content\/uploads\/2016\/10\/slider5-705x202.jpg 705w, https:\/\/www.winzerhotel-storr.de\/fgrut\/wp-content\/uploads\/2016\/10\/slider5-450x129.jpg 450w\" sizes=\"(max-width: 1500px) 100vw, 1500px\" \/><\/div><\/li><\/ul><div class='avia-slideshow-arrows avia-slideshow-controls' ><a href='#prev' class='prev-slide ' aria-hidden='true' data-av_icon='\ue87c' data-av_iconfont='entypo-fontello'  tabindex='-1'>Zur\u00fcck<\/a><a href='#next' class='next-slide ' aria-hidden='true' data-av_icon='\ue87d' data-av_iconfont='entypo-fontello'  tabindex='-1'>Weiter<\/a><\/div><div class='avia-slideshow-dots avia-slideshow-controls'><a href='#1' class='goto-slide active' >1<\/a><a href='#2' class='goto-slide ' >2<\/a><\/div><\/div><\/div><div id='after_full_slider_1'  class='main_color av_default_container_wrap container_wrap sidebar_right'  ><div class='container av-section-cont-open' ><div class='template-page content  av-content-small alpha units'><div class='post-entry post-entry-type-page post-entry-52'><div class='entry-content-wrapper clearfix'>\n\n<style type=\"text\/css\" data-created_by=\"avia_inline_auto\" id=\"style-css-av-3inzs-a8980e67245de81e373b3005425591a7\">\n#top .av-special-heading.av-3inzs-a8980e67245de81e373b3005425591a7{\npadding-bottom:10px;\n}\nbody .av-special-heading.av-3inzs-a8980e67245de81e373b3005425591a7 .av-special-heading-tag .heading-char{\nfont-size:25px;\n}\n.av-special-heading.av-3inzs-a8980e67245de81e373b3005425591a7 .av-subheading{\nfont-size:15px;\n}\n<\/style>\n<div  class='av-special-heading av-3inzs-a8980e67245de81e373b3005425591a7 av-special-heading-h3  avia-builder-el-1  el_after_av_slideshow_full  el_before_av_textblock  avia-builder-el-first '><h3 class='av-special-heading-tag'  itemprop=\"headline\"  >Weingut Storr<\/h3><div class=\"special-heading-border\"><div class=\"special-heading-inner-border\"><\/div><\/div><\/div>\n<section  class='av_textblock_section av-77lc0-18a87f9b4ce8526680d821f87672cf5e '   itemscope=\"itemscope\" itemtype=\"https:\/\/schema.org\/CreativeWork\" ><div class='avia_textblock'  itemprop=\"text\" ><p>Drei Generationen der Familie Storr bewirtschaften zurzeit Weingut und Winzerhotel Himmelacker sowie den landwirtschaftlichen Betriebszweig. Die Familie ist seit dem 16. Jahrhundert in Dautenheim ans\u00e4ssig, zuerst vor allem als Acker- und Viehbauern, sp\u00e4ter auch als Winzer. 2023 war es endlich soweit und wir konnten unseren neuen Keller sowie die Kelterhalle auf der gegen\u00fcberliegenden Stra\u00dfenseite einweihen und die dritte Generation f\u00fcr die Zukunft wettbewerbsf\u00e4hig machen.<span class=\"Apple-converted-space\">\u00a0<\/span><\/p>\n<\/div><\/section>\n<div id='av-masonry-1' class='av-masonry av-ltwqnuhv-660fe0a5e5d7b2fad498619ba642d8d8 noHover av-fixed-size av-large-gap av-hover-overlay-active av-masonry-animation-active av-masonry-col-flexible av-caption-always av-caption-style- av-masonry-gallery ' data-post_id=\"52\"><div class=\"av-masonry-container isotope av-js-disabled\"><div class='av-masonry-entry isotope-item av-masonry-item-no-image '><\/div><a href=\"https:\/\/www.winzerhotel-storr.de\/fgrut\/wp-content\/uploads\/2024\/03\/Constanze.jpg\" data-srcset=\"https:\/\/www.winzerhotel-storr.de\/fgrut\/wp-content\/uploads\/2024\/03\/Constanze.jpg 800w, https:\/\/www.winzerhotel-storr.de\/fgrut\/wp-content\/uploads\/2024\/03\/Constanze-300x300.jpg 300w, https:\/\/www.winzerhotel-storr.de\/fgrut\/wp-content\/uploads\/2024\/03\/Constanze-80x80.jpg 80w, https:\/\/www.winzerhotel-storr.de\/fgrut\/wp-content\/uploads\/2024\/03\/Constanze-768x768.jpg 768w, https:\/\/www.winzerhotel-storr.de\/fgrut\/wp-content\/uploads\/2024\/03\/Constanze-36x36.jpg 36w, https:\/\/www.winzerhotel-storr.de\/fgrut\/wp-content\/uploads\/2024\/03\/Constanze-180x180.jpg 180w, https:\/\/www.winzerhotel-storr.de\/fgrut\/wp-content\/uploads\/2024\/03\/Constanze-705x705.jpg 705w\" data-sizes=\"(max-width: 800px) 100vw, 800px\"  aria-label=\"Bild Constanze\"  id='av-masonry-1-item-411' data-av-masonry-item='411' class='av-masonry-entry isotope-item post-411 attachment type-attachment status-inherit hentry  av-masonry-item-with-image' title=\"Constanze\" alt=\"\"    itemprop=\"thumbnailUrl\" ><div class='av-inner-masonry-sizer'><\/div><figure class='av-inner-masonry main_color'><div class=\"av-masonry-outerimage-container\"><div class='av-masonry-image-container' style=\"background-image: url(https:\/\/www.winzerhotel-storr.de\/fgrut\/wp-content\/uploads\/2024\/03\/Constanze-705x705.jpg);\"  title=\"Constanze\"  ><\/div><\/div><\/figure><\/a><!--end av-masonry entry--><a href=\"https:\/\/www.winzerhotel-storr.de\/fgrut\/wp-content\/uploads\/2024\/03\/bernhard_storr_03.jpg\" data-srcset=\"https:\/\/www.winzerhotel-storr.de\/fgrut\/wp-content\/uploads\/2024\/03\/bernhard_storr_03.jpg 800w, https:\/\/www.winzerhotel-storr.de\/fgrut\/wp-content\/uploads\/2024\/03\/bernhard_storr_03-300x300.jpg 300w, https:\/\/www.winzerhotel-storr.de\/fgrut\/wp-content\/uploads\/2024\/03\/bernhard_storr_03-80x80.jpg 80w, https:\/\/www.winzerhotel-storr.de\/fgrut\/wp-content\/uploads\/2024\/03\/bernhard_storr_03-768x768.jpg 768w, https:\/\/www.winzerhotel-storr.de\/fgrut\/wp-content\/uploads\/2024\/03\/bernhard_storr_03-36x36.jpg 36w, https:\/\/www.winzerhotel-storr.de\/fgrut\/wp-content\/uploads\/2024\/03\/bernhard_storr_03-180x180.jpg 180w, https:\/\/www.winzerhotel-storr.de\/fgrut\/wp-content\/uploads\/2024\/03\/bernhard_storr_03-705x705.jpg 705w\" data-sizes=\"(max-width: 800px) 100vw, 800px\"  aria-label=\"Bild Bernhard Storr\"  id='av-masonry-1-item-412' data-av-masonry-item='412' class='av-masonry-entry isotope-item post-412 attachment type-attachment status-inherit hentry  av-masonry-item-with-image' title=\"Bernhard Storr\" alt=\"\"    itemprop=\"thumbnailUrl\" ><div class='av-inner-masonry-sizer'><\/div><figure class='av-inner-masonry main_color'><div class=\"av-masonry-outerimage-container\"><div class='av-masonry-image-container' style=\"background-image: url(https:\/\/www.winzerhotel-storr.de\/fgrut\/wp-content\/uploads\/2024\/03\/bernhard_storr_03-705x705.jpg);\"  title=\"Bernhard Storr\"  ><\/div><\/div><\/figure><\/a><!--end av-masonry entry--><a href=\"https:\/\/www.winzerhotel-storr.de\/fgrut\/wp-content\/uploads\/2024\/03\/rita_storr.jpg\" data-srcset=\"https:\/\/www.winzerhotel-storr.de\/fgrut\/wp-content\/uploads\/2024\/03\/rita_storr.jpg 800w, https:\/\/www.winzerhotel-storr.de\/fgrut\/wp-content\/uploads\/2024\/03\/rita_storr-300x300.jpg 300w, https:\/\/www.winzerhotel-storr.de\/fgrut\/wp-content\/uploads\/2024\/03\/rita_storr-80x80.jpg 80w, https:\/\/www.winzerhotel-storr.de\/fgrut\/wp-content\/uploads\/2024\/03\/rita_storr-768x768.jpg 768w, https:\/\/www.winzerhotel-storr.de\/fgrut\/wp-content\/uploads\/2024\/03\/rita_storr-36x36.jpg 36w, https:\/\/www.winzerhotel-storr.de\/fgrut\/wp-content\/uploads\/2024\/03\/rita_storr-180x180.jpg 180w, https:\/\/www.winzerhotel-storr.de\/fgrut\/wp-content\/uploads\/2024\/03\/rita_storr-705x705.jpg 705w\" data-sizes=\"(max-width: 800px) 100vw, 800px\"  aria-label=\"Bild rita_storr\"  id='av-masonry-1-item-413' data-av-masonry-item='413' class='av-masonry-entry isotope-item post-413 attachment type-attachment status-inherit hentry  av-masonry-item-with-image' title=\"rita_storr\" alt=\"\"    itemprop=\"thumbnailUrl\" ><div class='av-inner-masonry-sizer'><\/div><figure class='av-inner-masonry main_color'><div class=\"av-masonry-outerimage-container\"><div class='av-masonry-image-container' style=\"background-image: url(https:\/\/www.winzerhotel-storr.de\/fgrut\/wp-content\/uploads\/2024\/03\/rita_storr-705x705.jpg);\"  title=\"rita_storr\"  ><\/div><\/div><\/figure><\/a><!--end av-masonry entry--><a href=\"https:\/\/www.winzerhotel-storr.de\/fgrut\/wp-content\/uploads\/2024\/03\/storr_senior.jpg\" data-srcset=\"https:\/\/www.winzerhotel-storr.de\/fgrut\/wp-content\/uploads\/2024\/03\/storr_senior.jpg 800w, https:\/\/www.winzerhotel-storr.de\/fgrut\/wp-content\/uploads\/2024\/03\/storr_senior-300x300.jpg 300w, https:\/\/www.winzerhotel-storr.de\/fgrut\/wp-content\/uploads\/2024\/03\/storr_senior-80x80.jpg 80w, https:\/\/www.winzerhotel-storr.de\/fgrut\/wp-content\/uploads\/2024\/03\/storr_senior-768x768.jpg 768w, https:\/\/www.winzerhotel-storr.de\/fgrut\/wp-content\/uploads\/2024\/03\/storr_senior-36x36.jpg 36w, https:\/\/www.winzerhotel-storr.de\/fgrut\/wp-content\/uploads\/2024\/03\/storr_senior-180x180.jpg 180w, https:\/\/www.winzerhotel-storr.de\/fgrut\/wp-content\/uploads\/2024\/03\/storr_senior-705x705.jpg 705w\" data-sizes=\"(max-width: 800px) 100vw, 800px\"  aria-label=\"Bild storr_senior\"  id='av-masonry-1-item-414' data-av-masonry-item='414' class='av-masonry-entry isotope-item post-414 attachment type-attachment status-inherit hentry  av-masonry-item-with-image' title=\"storr_senior\" alt=\"\"    itemprop=\"thumbnailUrl\" ><div class='av-inner-masonry-sizer'><\/div><figure class='av-inner-masonry main_color'><div class=\"av-masonry-outerimage-container\"><div class='av-masonry-image-container' style=\"background-image: url(https:\/\/www.winzerhotel-storr.de\/fgrut\/wp-content\/uploads\/2024\/03\/storr_senior-705x705.jpg);\"  title=\"storr_senior\"  ><\/div><\/div><\/figure><\/a><!--end av-masonry entry--><a href=\"https:\/\/www.winzerhotel-storr.de\/fgrut\/wp-content\/uploads\/2024\/03\/fraustorr_senior.jpg\" data-srcset=\"https:\/\/www.winzerhotel-storr.de\/fgrut\/wp-content\/uploads\/2024\/03\/fraustorr_senior.jpg 800w, https:\/\/www.winzerhotel-storr.de\/fgrut\/wp-content\/uploads\/2024\/03\/fraustorr_senior-300x300.jpg 300w, https:\/\/www.winzerhotel-storr.de\/fgrut\/wp-content\/uploads\/2024\/03\/fraustorr_senior-80x80.jpg 80w, https:\/\/www.winzerhotel-storr.de\/fgrut\/wp-content\/uploads\/2024\/03\/fraustorr_senior-768x768.jpg 768w, https:\/\/www.winzerhotel-storr.de\/fgrut\/wp-content\/uploads\/2024\/03\/fraustorr_senior-36x36.jpg 36w, https:\/\/www.winzerhotel-storr.de\/fgrut\/wp-content\/uploads\/2024\/03\/fraustorr_senior-180x180.jpg 180w, https:\/\/www.winzerhotel-storr.de\/fgrut\/wp-content\/uploads\/2024\/03\/fraustorr_senior-705x705.jpg 705w\" data-sizes=\"(max-width: 800px) 100vw, 800px\"  aria-label=\"Bild fraustorr_senior\"  id='av-masonry-1-item-415' data-av-masonry-item='415' class='av-masonry-entry isotope-item post-415 attachment type-attachment status-inherit hentry  av-masonry-item-with-image' title=\"fraustorr_senior\" alt=\"\"    itemprop=\"thumbnailUrl\" ><div class='av-inner-masonry-sizer'><\/div><figure class='av-inner-masonry main_color'><div class=\"av-masonry-outerimage-container\"><div class='av-masonry-image-container' style=\"background-image: url(https:\/\/www.winzerhotel-storr.de\/fgrut\/wp-content\/uploads\/2024\/03\/fraustorr_senior-705x705.jpg);\"  title=\"fraustorr_senior\"  ><\/div><\/div><\/figure><\/a><!--end av-masonry entry--><a href=\"https:\/\/www.winzerhotel-storr.de\/fgrut\/wp-content\/uploads\/2024\/03\/lesemaschine-1030x580.jpg\" data-srcset=\"https:\/\/www.winzerhotel-storr.de\/fgrut\/wp-content\/uploads\/2024\/03\/lesemaschine-1030x580.jpg 1030w, https:\/\/www.winzerhotel-storr.de\/fgrut\/wp-content\/uploads\/2024\/03\/lesemaschine-300x169.jpg 300w, https:\/\/www.winzerhotel-storr.de\/fgrut\/wp-content\/uploads\/2024\/03\/lesemaschine-768x433.jpg 768w, https:\/\/www.winzerhotel-storr.de\/fgrut\/wp-content\/uploads\/2024\/03\/lesemaschine-705x397.jpg 705w, https:\/\/www.winzerhotel-storr.de\/fgrut\/wp-content\/uploads\/2024\/03\/lesemaschine.jpg 1500w\" data-sizes=\"(max-width: 1030px) 100vw, 1030px\"  aria-label=\"Bild lesemaschine\"  id='av-masonry-1-item-419' data-av-masonry-item='419' class='av-masonry-entry isotope-item post-419 attachment type-attachment status-inherit hentry  av-masonry-item-with-image' title=\"lesemaschine\" alt=\"\"    itemprop=\"thumbnailUrl\" ><div class='av-inner-masonry-sizer'><\/div><figure class='av-inner-masonry main_color'><div class=\"av-masonry-outerimage-container\"><div class='av-masonry-image-container' style=\"background-image: url(https:\/\/www.winzerhotel-storr.de\/fgrut\/wp-content\/uploads\/2024\/03\/lesemaschine-705x397.jpg);\"  title=\"lesemaschine\"  ><\/div><\/div><\/figure><\/a><!--end av-masonry entry--><a href=\"https:\/\/www.winzerhotel-storr.de\/fgrut\/wp-content\/uploads\/2024\/03\/maehdrescher-1030x580.jpg\" data-srcset=\"https:\/\/www.winzerhotel-storr.de\/fgrut\/wp-content\/uploads\/2024\/03\/maehdrescher-1030x580.jpg 1030w, https:\/\/www.winzerhotel-storr.de\/fgrut\/wp-content\/uploads\/2024\/03\/maehdrescher-300x169.jpg 300w, https:\/\/www.winzerhotel-storr.de\/fgrut\/wp-content\/uploads\/2024\/03\/maehdrescher-768x432.jpg 768w, https:\/\/www.winzerhotel-storr.de\/fgrut\/wp-content\/uploads\/2024\/03\/maehdrescher-705x397.jpg 705w, https:\/\/www.winzerhotel-storr.de\/fgrut\/wp-content\/uploads\/2024\/03\/maehdrescher.jpg 1500w\" data-sizes=\"(max-width: 1030px) 100vw, 1030px\"  aria-label=\"Bild maehdrescher\"  id='av-masonry-1-item-420' data-av-masonry-item='420' class='av-masonry-entry isotope-item post-420 attachment type-attachment status-inherit hentry  av-masonry-item-with-image' title=\"maehdrescher\" alt=\"\"    itemprop=\"thumbnailUrl\" ><div class='av-inner-masonry-sizer'><\/div><figure class='av-inner-masonry main_color'><div class=\"av-masonry-outerimage-container\"><div class='av-masonry-image-container' style=\"background-image: url(https:\/\/www.winzerhotel-storr.de\/fgrut\/wp-content\/uploads\/2024\/03\/maehdrescher-705x397.jpg);\"  title=\"maehdrescher\"  ><\/div><\/div><\/figure><\/a><!--end av-masonry entry--><\/div><\/div>\n\n<style type=\"text\/css\" data-created_by=\"avia_inline_auto\" id=\"style-css-av-3bz6c-3268426a4e7b911b9633183e88d4d3e0\">\n#top .hr.hr-invisible.av-3bz6c-3268426a4e7b911b9633183e88d4d3e0{\nheight:20px;\n}\n<\/style>\n<div  class='hr av-3bz6c-3268426a4e7b911b9633183e88d4d3e0 hr-invisible  avia-builder-el-4  el_after_av_masonry_gallery  el_before_av_content_slider  avia-builder-el-first '><span class='hr-inner '><span class=\"hr-inner-style\"><\/span><\/span><\/div>\n<div  class='avia-content-slider-element-container av-ltsuni7i-6aebbfe0e160cb8ddfa228d129ab6e59 avia-content-slider-element-slider avia-content-slider avia-smallarrow-slider avia-content-slider-active avia-content-slider-odd  avia-builder-el-5  el_after_av_hr  avia-builder-el-last  av-slideshow-ui av-control-default av-nav-arrows-visible av-nav-dots-visible av-no-slider-navigation av-slideshow-manual av-loop-once av-loop-manual-endless avia-content-slider1' data-slideshow-options=\"{&quot;animation&quot;:&quot;slide&quot;,&quot;autoplay&quot;:false,&quot;loop_autoplay&quot;:&quot;once&quot;,&quot;interval&quot;:5,&quot;loop_manual&quot;:&quot;manual-endless&quot;,&quot;autoplay_stopper&quot;:false,&quot;noNavigation&quot;:false,&quot;bg_slider&quot;:false,&quot;keep_padding&quot;:&quot;&quot;,&quot;hoverpause&quot;:false,&quot;show_slide_delay&quot;:30}\"><div class='avia-smallarrow-slider-heading '><div class='new-special-heading'><h3 class=''>Kundenstimmen (Google)<\/h3><\/div><div class='avia-slideshow-arrows avia-slideshow-controls' ><a href='#prev' class='prev-slide ' aria-hidden='true' data-av_icon='\ue87c' data-av_iconfont='entypo-fontello'  tabindex='-1'>Zur\u00fcck<\/a><a href='#next' class='next-slide ' aria-hidden='true' data-av_icon='\ue87d' data-av_iconfont='entypo-fontello'  tabindex='-1'>Weiter<\/a><\/div><\/div><div class=\"avia-content-slider-inner\"><div class=\"slide-entry-wrap\"><section class='slide-entry av-ltsuk6p3-fb92c5f7af2a7d467429a678db960cd9 flex_column av_fullwidth post-entry slide-entry-overview slide-loop-1 slide-parity-odd  first'  itemscope=\"itemscope\" itemtype=\"https:\/\/schema.org\/CreativeWork\" ><h3 class='slide-entry-title entry-title '  itemprop=\"headline\" >Carola Olsson<\/h3><div class='slide-entry-excerpt entry-content'  itemprop=\"text\" ><p>Wow, welch ein wunderbares Erlebnis, sich auf den Spuren des Weines zu finden. Herr Storr Senior hat uns in seiner herzensguten Art sein imposantes Wissen in der gro\u00dfen Weinprobe auf dem Weingut, samt \u00dcbernachtung, in einer wirklich gem\u00fctlichen Atmosph\u00e4re nur f\u00fcr uns als frischverm\u00e4hltes Ehepaar mit humorvollen Anekdoten dargeboten. Er hat uns somit mit auf seinen gro\u00dfen interessanten Lebensweg genommen. Es wurde gelacht, gescherzt und auf jede Frage, die wir hatten, gab es prompt eine Antwort. Und nat\u00fcrlich wurde auch Wein getrunken &#8211; probiert, was dem Gaumen gef\u00e4llt. Dazu gab es eine Kleinigkeit zum Verzehr, eine leckere K\u00e4secreme und eine Brezel. Rundum ein wirkliches Special f\u00fcr Genie\u00dfer und Wissbegierige, die sich f\u00fcr die Weinkultur interessieren.<br \/>\nHerzlichen Dank f\u00fcr die sch\u00f6nen Momente, die wir bei Ihnen erleben durften. Wir behalten diesen langen Abend, der einen musikalischen Ausklang besa\u00df, in bester Erinnerung und werden regelm\u00e4\u00dfig f\u00fcr Nachschub per Bestellung sorgen, um weiterhin diese Kultur schl\u00fcrftechnisch(&#8230;LCHCH&#8230; \ud83d\ude42 )zu kredenzen und dadurch unsere beider Gaumen gro\u00dfz\u00fcgig weintechnisch verw\u00f6hnen zu k\u00f6nnen. Herrlich, wir freuen uns darauf!<br \/>\nIhnen und Ihrer Familie Gesundheit und alles Liebe! God bless you!<\/p>\n<\/div><\/section><\/div><div class=\"slide-entry-wrap\"><section class='slide-entry av-ltsukz1g-4b505980cfe7afb4991ca750b6857722 flex_column av_fullwidth post-entry slide-entry-overview slide-loop-2 slide-parity-odd  first'  itemscope=\"itemscope\" itemtype=\"https:\/\/schema.org\/CreativeWork\" ><h3 class='slide-entry-title entry-title '  itemprop=\"headline\" >Roger G\u00f6tzl<\/h3><div class='slide-entry-excerpt entry-content'  itemprop=\"text\" ><p>Legend\u00e4re Planwagenfahrt mit dem Chef Herrn Storr. Die Fahrt dreht sich nicht nur um Wein, sondern auch um &#8222;Nachhaltigkeit&#8220; Windkraft f\u00fcr das Weingut und ein Planetenweg im Weinberg. Uns hat es allen gefallen, besonders die anschlie\u00dfende Weinprobe im Weingut.<\/p>\n<\/div><\/section><\/div><div class=\"slide-entry-wrap\"><section class='slide-entry av-ltsum5z5-c4aaf669de576d80dbf276194cb6bcba flex_column av_fullwidth post-entry slide-entry-overview slide-loop-3 slide-parity-odd  first'  itemscope=\"itemscope\" itemtype=\"https:\/\/schema.org\/CreativeWork\" ><h3 class='slide-entry-title entry-title '  itemprop=\"headline\" >Daniela Wissmer<\/h3><div class='slide-entry-excerpt entry-content'  itemprop=\"text\" ><p>Heute begleitete ich eine freie Trauung im Weingut Storr, welches auch einer Au\u00dfenstelle des Standesamtes Alzey (Stadt) ist. Ein Familienbetrieb, richtig gem\u00fctlich und liebevoll gestaltet. Nat\u00fcrlich gibt es dort leckeren Wein und Traubensaft. Ebenfalls stehen 19 G\u00e4stezimmer zur Verf\u00fcgung. Weinprobe bietet und begleitet der Senior sogar noch selbst. Meine freie Trauung war auf der Freilichtb\u00fchne des Weingutes, welche etwas einzigartiges &amp; gro\u00dfartiges von Stimmung, Ambiente und Individualit\u00e4t war. Danke f\u00fcr den prima Service und die liebevolle Gestaltung.<\/p>\n<\/div><\/section><\/div><div class=\"slide-entry-wrap\"><section class='slide-entry av-ltsumtxt-26320999d7b1eb55485012270d430722 flex_column av_fullwidth post-entry slide-entry-overview slide-loop-4 slide-parity-odd  first'  itemscope=\"itemscope\" itemtype=\"https:\/\/schema.org\/CreativeWork\" ><h3 class='slide-entry-title entry-title '  itemprop=\"headline\" >Axel Hahn<\/h3><div class='slide-entry-excerpt entry-content'  itemprop=\"text\" ><p>Wir haben eine sch\u00f6ne, unterhaltsame Weinprobe erleben d\u00fcrfen. Herr Storr senior hat wundersch\u00f6n durch den Abend gef\u00fchrt. Herr Storr und ich haben noch auf dem Klavier unser bestes gegeben und hatten einen wirklich wundersch\u00f6nen Abend. Sehr gerne wieder<\/p>\n<\/div><\/section><\/div><div class=\"slide-entry-wrap\"><section class='slide-entry av-ltsunh9g-b46818197d79be19e2327024023e1e28 flex_column av_fullwidth post-entry slide-entry-overview slide-loop-5 slide-parity-odd  post-entry-last  first'  itemscope=\"itemscope\" itemtype=\"https:\/\/schema.org\/CreativeWork\" ><h3 class='slide-entry-title entry-title '  itemprop=\"headline\" >Thomas Bartruff<\/h3><div class='slide-entry-excerpt entry-content'  itemprop=\"text\" ><p>Gute Weine und ein au\u00dferordentlich sympathischer Seniorchef. Die Weinprobe war definitiv die lustigste die wir je mitgemacht haben.<\/p>\n<\/div><\/section><\/div><\/div><\/div>\n","protected":false},"excerpt":{"rendered":"","protected":false},"author":1,"featured_media":0,"parent":0,"menu_order":0,"comment_status":"closed","ping_status":"closed","template":"","meta":{"footnotes":""},"class_list":["post-52","page","type-page","status-publish","hentry"],"_links":{"self":[{"href":"https:\/\/www.winzerhotel-storr.de\/fgrut\/wp-json\/wp\/v2\/pages\/52","targetHints":{"allow":["GET"]}}],"collection":[{"href":"https:\/\/www.winzerhotel-storr.de\/fgrut\/wp-json\/wp\/v2\/pages"}],"about":[{"href":"https:\/\/www.winzerhotel-storr.de\/fgrut\/wp-json\/wp\/v2\/types\/page"}],"author":[{"embeddable":true,"href":"https:\/\/www.winzerhotel-storr.de\/fgrut\/wp-json\/wp\/v2\/users\/1"}],"replies":[{"embeddable":true,"href":"https:\/\/www.winzerhotel-storr.de\/fgrut\/wp-json\/wp\/v2\/comments?post=52"}],"version-history":[{"count":25,"href":"https:\/\/www.winzerhotel-storr.de\/fgrut\/wp-json\/wp\/v2\/pages\/52\/revisions"}],"predecessor-version":[{"id":550,"href":"https:\/\/www.winzerhotel-storr.de\/fgrut\/wp-json\/wp\/v2\/pages\/52\/revisions\/550"}],"wp:attachment":[{"href":"https:\/\/www.winzerhotel-storr.de\/fgrut\/wp-json\/wp\/v2\/media?parent=52"}],"curies":[{"name":"wp","href":"https:\/\/api.w.org\/{rel}","templated":true}]}}