{"id":178,"date":"2016-10-10T18:03:00","date_gmt":"2016-10-10T16:03:00","guid":{"rendered":"http:\/\/www.winzerhotel-storr.de\/fgrut\/?page_id=178"},"modified":"2017-02-23T18:12:39","modified_gmt":"2017-02-23T17:12:39","slug":"garten-und-kultur","status":"publish","type":"page","link":"https:\/\/www.winzerhotel-storr.de\/fgrut\/garten-und-kultur\/","title":{"rendered":"Garten und Kultur"},"content":{"rendered":"<div id='full_slider_1'  class='avia-fullwidth-slider main_color avia-shadow   avia-builder-el-0  el_before_av_heading  avia-builder-el-first   container_wrap sidebar_right'  ><div  class='avia-slideshow av-av_slideshow_full-4f3ef5c0d0c5e5a45e27d5f99336c2be avia-slideshow-featured av_slideshow_full avia-slide-slider av-slideshow-ui av-control-default av-slideshow-manual av-loop-once av-loop-manual-endless av-default-height-applied   avia-slideshow-1' data-slideshow-options=\"{&quot;animation&quot;:&quot;slide&quot;,&quot;autoplay&quot;:false,&quot;loop_autoplay&quot;:&quot;once&quot;,&quot;interval&quot;:5,&quot;loop_manual&quot;:&quot;manual-endless&quot;,&quot;autoplay_stopper&quot;:false,&quot;noNavigation&quot;:false,&quot;bg_slider&quot;:false,&quot;keep_padding&quot;:false,&quot;hoverpause&quot;:false,&quot;show_slide_delay&quot;:0}\"  itemprop=\"image\" itemscope=\"itemscope\" itemtype=\"https:\/\/schema.org\/ImageObject\" ><ul class='avia-slideshow-inner ' style='padding-bottom: 28.666666666667%;'><li  class='avia-slideshow-slide av-av_slideshow_full-4f3ef5c0d0c5e5a45e27d5f99336c2be__0  av-single-slide slide-1 slide-odd'><div data-rel='slideshow-1' class='avia-slide-wrap '   ><img decoding=\"async\" fetchpriority=\"high\" class=\"wp-image-182 avia-img-lazy-loading-not-182\"  src=\"https:\/\/www.winzerhotel-storr.de\/fgrut\/wp-content\/uploads\/2016\/10\/sliderGarten.jpg\" width=\"1500\" height=\"430\" title='slidergarten' alt=''  itemprop=\"thumbnailUrl\" srcset=\"https:\/\/www.winzerhotel-storr.de\/fgrut\/wp-content\/uploads\/2016\/10\/sliderGarten.jpg 1500w, https:\/\/www.winzerhotel-storr.de\/fgrut\/wp-content\/uploads\/2016\/10\/sliderGarten-300x86.jpg 300w, https:\/\/www.winzerhotel-storr.de\/fgrut\/wp-content\/uploads\/2016\/10\/sliderGarten-768x220.jpg 768w, https:\/\/www.winzerhotel-storr.de\/fgrut\/wp-content\/uploads\/2016\/10\/sliderGarten-1030x295.jpg 1030w, https:\/\/www.winzerhotel-storr.de\/fgrut\/wp-content\/uploads\/2016\/10\/sliderGarten-705x202.jpg 705w, https:\/\/www.winzerhotel-storr.de\/fgrut\/wp-content\/uploads\/2016\/10\/sliderGarten-450x129.jpg 450w\" sizes=\"(max-width: 1500px) 100vw, 1500px\" \/><\/div><\/li><\/ul><\/div><\/div><div id='after_full_slider_1'  class='main_color av_default_container_wrap container_wrap sidebar_right'  ><div class='container av-section-cont-open' ><div class='template-page content  av-content-small alpha units'><div class='post-entry post-entry-type-page post-entry-178'><div class='entry-content-wrapper clearfix'>\n\n<style type=\"text\/css\" data-created_by=\"avia_inline_auto\" id=\"style-css-av-av_heading-904cd732321dfb1371df138cf570cddf\">\n#top .av-special-heading.av-av_heading-904cd732321dfb1371df138cf570cddf{\npadding-bottom:10px;\n}\nbody .av-special-heading.av-av_heading-904cd732321dfb1371df138cf570cddf .av-special-heading-tag .heading-char{\nfont-size:25px;\n}\n.av-special-heading.av-av_heading-904cd732321dfb1371df138cf570cddf .av-subheading{\nfont-size:15px;\n}\n<\/style>\n<div  class='av-special-heading av-av_heading-904cd732321dfb1371df138cf570cddf av-special-heading-h3  avia-builder-el-1  el_after_av_slideshow_full  el_before_av_textblock  avia-builder-el-first '><h3 class='av-special-heading-tag'  itemprop=\"headline\"  >Capitulare des Villis<\/h3><div class=\"special-heading-border\"><div class=\"special-heading-inner-border\"><\/div><\/div><\/div>\n<section  class='av_textblock_section av-av_textblock-0366cc7376be6c9e82a3e9cc8987b64f '   itemscope=\"itemscope\" itemtype=\"https:\/\/schema.org\/CreativeWork\" ><div class='avia_textblock'  itemprop=\"text\" ><p>Der Hausgarten der Familie Storr wurde 2003 umgestaltet nach dem Vorbild der historischen Ma\u00dfgaben Karls des Gro\u00dfen. F\u00fcr seine Landg\u00fcter hatte er 812 eine Capitulare de Villis titulierte Nutz- und Heilpflanzenliste vorgesehen.<\/p>\n<p>Entstanden ist eine sehr eindrucksvolle Gartenanlage, die in allen Jahreszeiten zum Betrachten und Studieren der einheimischen Flora einl\u00e4dt. Unz\u00e4hlige Blumen, Kr\u00e4uter und Gem\u00fcsepflanzen sind als konzentrische Kreise um ein zentrales Rosenrondell angelegt. Die vier Beete folgen der Kreuzform, sind mit Buchs ges\u00e4umt, wie die alten Rheinhessischen Bauerng\u00e4rten. Als Reminiszenz an die G\u00e4rten der heutigen Zeit sind die Quadranten streng nach den Farben der Bl\u00fcten unterschieden: es gibt das wei\u00dfe, rote, gelbe und blaue Beet. Die Pflanzung orientiert sich an der H\u00f6he der Pflanzen von innen nach au\u00dfen.\u00a0Die Pflanzen sind beschriftet. Besichtigungen sind jederzeit m\u00f6glich.<\/p>\n<\/div><\/section>\n\n<style type=\"text\/css\" data-created_by=\"avia_inline_auto\" id=\"style-css-av-av_heading-a269560841e0f33f6263430160aef9d1\">\n#top .av-special-heading.av-av_heading-a269560841e0f33f6263430160aef9d1{\npadding-bottom:10px;\n}\nbody .av-special-heading.av-av_heading-a269560841e0f33f6263430160aef9d1 .av-special-heading-tag .heading-char{\nfont-size:25px;\n}\n.av-special-heading.av-av_heading-a269560841e0f33f6263430160aef9d1 .av-subheading{\nfont-size:15px;\n}\n<\/style>\n<div  class='av-special-heading av-av_heading-a269560841e0f33f6263430160aef9d1 av-special-heading-h3  avia-builder-el-3  el_after_av_textblock  el_before_av_textblock '><h3 class='av-special-heading-tag'  itemprop=\"headline\"  >Offene G\u00e4rten in Rheinhessen &#8211; wir machen mit!<\/h3><div class=\"special-heading-border\"><div class=\"special-heading-inner-border\"><\/div><\/div><\/div>\n<section  class='av_textblock_section av-av_textblock-0366cc7376be6c9e82a3e9cc8987b64f '   itemscope=\"itemscope\" itemtype=\"https:\/\/schema.org\/CreativeWork\" ><div class='avia_textblock'  itemprop=\"text\" ><p>Tage der offenen G\u00e4rten und H\u00f6fe in Rheinhessen<\/p>\n<p>13.\/14. Mai, 17.\/18. Juni<\/p>\n<p>Jeweils von 10 \u2013 18 Uhr<\/p>\n<\/div><\/section>\n\n<style type=\"text\/css\" data-created_by=\"avia_inline_auto\" id=\"style-css-av-av_gallery-4e4954dc8883ddf1acf62f5c61773fb3\">\n#top .avia-gallery.av-av_gallery-4e4954dc8883ddf1acf62f5c61773fb3 .avia-gallery-thumb a{\nwidth:20%;\n}\n<\/style>\n<div  class='avia-gallery av-av_gallery-4e4954dc8883ddf1acf62f5c61773fb3 avia_animate_when_visible  avia-builder-el-5  el_after_av_textblock  el_before_av_heading  avia_lazyload avia-gallery-animate avia-gallery-1'  itemprop=\"image\" itemscope=\"itemscope\" itemtype=\"https:\/\/schema.org\/ImageObject\" ><meta itemprop=\"contentURL\" content=\"https:\/\/www.winzerhotel-storr.de\/fgrut\/garten-und-kultur\/\"><div class='avia-gallery-thumb'><a href=\"https:\/\/www.winzerhotel-storr.de\/fgrut\/wp-content\/uploads\/2016\/10\/garten1.jpg\" data-srcset=\"https:\/\/www.winzerhotel-storr.de\/fgrut\/wp-content\/uploads\/2016\/10\/garten1.jpg 500w, https:\/\/www.winzerhotel-storr.de\/fgrut\/wp-content\/uploads\/2016\/10\/garten1-80x80.jpg 80w, https:\/\/www.winzerhotel-storr.de\/fgrut\/wp-content\/uploads\/2016\/10\/garten1-300x300.jpg 300w, https:\/\/www.winzerhotel-storr.de\/fgrut\/wp-content\/uploads\/2016\/10\/garten1-36x36.jpg 36w, https:\/\/www.winzerhotel-storr.de\/fgrut\/wp-content\/uploads\/2016\/10\/garten1-180x180.jpg 180w, https:\/\/www.winzerhotel-storr.de\/fgrut\/wp-content\/uploads\/2016\/10\/garten1-120x120.jpg 120w, https:\/\/www.winzerhotel-storr.de\/fgrut\/wp-content\/uploads\/2016\/10\/garten1-450x450.jpg 450w\" data-sizes=\"(max-width: 500px) 100vw, 500px\" data-rel='gallery-1' data-prev-img='https:\/\/www.winzerhotel-storr.de\/fgrut\/wp-content\/uploads\/2016\/10\/garten1-495x400.jpg' class='first_thumb lightbox ' data-onclick='1' title='garten1'  itemprop=\"thumbnailUrl\"  ><img decoding=\"async\" fetchpriority=\"high\" class=\"wp-image-184 avia-img-lazy-loading-not-184\"   src=\"https:\/\/www.winzerhotel-storr.de\/fgrut\/wp-content\/uploads\/2016\/10\/garten1-495x400.jpg\" width=\"495\" height=\"400\"  title='garten1' alt='' \/><div class='big-prev-fake'><img decoding=\"async\" loading=\"lazy\" class=\"wp-image-184 avia-img-lazy-loading-184\"  width=\"495\" height=\"400\" src=\"https:\/\/www.winzerhotel-storr.de\/fgrut\/wp-content\/uploads\/2016\/10\/garten1-495x400.jpg\" title='garten1' alt='' \/><\/div><\/a><a href=\"https:\/\/www.winzerhotel-storr.de\/fgrut\/wp-content\/uploads\/2016\/10\/garten2.jpg\" data-srcset=\"https:\/\/www.winzerhotel-storr.de\/fgrut\/wp-content\/uploads\/2016\/10\/garten2.jpg 500w, https:\/\/www.winzerhotel-storr.de\/fgrut\/wp-content\/uploads\/2016\/10\/garten2-80x80.jpg 80w, https:\/\/www.winzerhotel-storr.de\/fgrut\/wp-content\/uploads\/2016\/10\/garten2-300x300.jpg 300w, https:\/\/www.winzerhotel-storr.de\/fgrut\/wp-content\/uploads\/2016\/10\/garten2-36x36.jpg 36w, https:\/\/www.winzerhotel-storr.de\/fgrut\/wp-content\/uploads\/2016\/10\/garten2-180x180.jpg 180w, https:\/\/www.winzerhotel-storr.de\/fgrut\/wp-content\/uploads\/2016\/10\/garten2-120x120.jpg 120w, https:\/\/www.winzerhotel-storr.de\/fgrut\/wp-content\/uploads\/2016\/10\/garten2-450x450.jpg 450w\" data-sizes=\"(max-width: 500px) 100vw, 500px\" data-rel='gallery-1' data-prev-img='https:\/\/www.winzerhotel-storr.de\/fgrut\/wp-content\/uploads\/2016\/10\/garten2-495x400.jpg' class='lightbox ' data-onclick='2' title='garten2'  itemprop=\"thumbnailUrl\"  ><img decoding=\"async\" fetchpriority=\"high\" class=\"wp-image-185 avia-img-lazy-loading-not-185\"   src=\"https:\/\/www.winzerhotel-storr.de\/fgrut\/wp-content\/uploads\/2016\/10\/garten2-495x400.jpg\" width=\"495\" height=\"400\"  title='garten2' alt='' \/><div class='big-prev-fake'><img decoding=\"async\" loading=\"lazy\" class=\"wp-image-185 avia-img-lazy-loading-185\"  width=\"495\" height=\"400\" src=\"https:\/\/www.winzerhotel-storr.de\/fgrut\/wp-content\/uploads\/2016\/10\/garten2-495x400.jpg\" title='garten2' alt='' \/><\/div><\/a><a href=\"https:\/\/www.winzerhotel-storr.de\/fgrut\/wp-content\/uploads\/2016\/10\/garten3.jpg\" data-srcset=\"https:\/\/www.winzerhotel-storr.de\/fgrut\/wp-content\/uploads\/2016\/10\/garten3.jpg 500w, https:\/\/www.winzerhotel-storr.de\/fgrut\/wp-content\/uploads\/2016\/10\/garten3-80x80.jpg 80w, https:\/\/www.winzerhotel-storr.de\/fgrut\/wp-content\/uploads\/2016\/10\/garten3-300x300.jpg 300w, https:\/\/www.winzerhotel-storr.de\/fgrut\/wp-content\/uploads\/2016\/10\/garten3-36x36.jpg 36w, https:\/\/www.winzerhotel-storr.de\/fgrut\/wp-content\/uploads\/2016\/10\/garten3-180x180.jpg 180w, https:\/\/www.winzerhotel-storr.de\/fgrut\/wp-content\/uploads\/2016\/10\/garten3-120x120.jpg 120w, https:\/\/www.winzerhotel-storr.de\/fgrut\/wp-content\/uploads\/2016\/10\/garten3-450x450.jpg 450w\" data-sizes=\"(max-width: 500px) 100vw, 500px\" data-rel='gallery-1' data-prev-img='https:\/\/www.winzerhotel-storr.de\/fgrut\/wp-content\/uploads\/2016\/10\/garten3-495x400.jpg' class='lightbox ' data-onclick='3' title='garten3'  itemprop=\"thumbnailUrl\"  ><img decoding=\"async\" fetchpriority=\"high\" class=\"wp-image-186 avia-img-lazy-loading-not-186\"   src=\"https:\/\/www.winzerhotel-storr.de\/fgrut\/wp-content\/uploads\/2016\/10\/garten3-495x400.jpg\" width=\"495\" height=\"400\"  title='garten3' alt='' \/><div class='big-prev-fake'><img decoding=\"async\" loading=\"lazy\" class=\"wp-image-186 avia-img-lazy-loading-186\"  width=\"495\" height=\"400\" src=\"https:\/\/www.winzerhotel-storr.de\/fgrut\/wp-content\/uploads\/2016\/10\/garten3-495x400.jpg\" title='garten3' alt='' \/><\/div><\/a><\/div><\/div>\n\n<style type=\"text\/css\" data-created_by=\"avia_inline_auto\" id=\"style-css-av-av_heading-46dbf85957497404cac0171396fc30e6\">\n#top .av-special-heading.av-av_heading-46dbf85957497404cac0171396fc30e6{\npadding-bottom:10px;\n}\nbody .av-special-heading.av-av_heading-46dbf85957497404cac0171396fc30e6 .av-special-heading-tag .heading-char{\nfont-size:25px;\n}\n.av-special-heading.av-av_heading-46dbf85957497404cac0171396fc30e6 .av-subheading{\nfont-size:15px;\n}\n<\/style>\n<div  class='av-special-heading av-av_heading-46dbf85957497404cac0171396fc30e6 av-special-heading-h3  avia-builder-el-6  el_after_av_gallery  el_before_av_textblock '><h3 class='av-special-heading-tag'  itemprop=\"headline\"  >Kulturelles rund um Dautenheim<\/h3><div class=\"special-heading-border\"><div class=\"special-heading-inner-border\"><\/div><\/div><\/div>\n<section  class='av_textblock_section av-av_textblock-efbc923ad9fb8bf1ad09094e5a831d1a '   itemscope=\"itemscope\" itemtype=\"https:\/\/schema.org\/CreativeWork\" ><div class='avia_textblock'  itemprop=\"text\" ><p>Das Weingut Storr bietet allj\u00e4hrlich einige kulturelle H\u00f6hepunkte, die einen Aufenthalt im Winzerhotel Himmelacker zu einem unvergesslichen Erlebnis werden lassen.<\/p>\n<p>Dazu z\u00e4hlt die Kerb im Hof, die seit Anfang der neunziger Jahre allj\u00e4hrlich am ersten Wochenende im Juli stattfindet. Ein buntes Programm mit Attraktionen wie der Steak-Bratstrasse, den Klassikern der Storrschen Winzerk\u00fcche, dem traditionellen Kerweessen anno dazumal am Sonntag \u2013 Rindfleisch mit Meerrettich \u2013 sorgt f\u00fcr abwechslungsreiche Gaumenfreuden, wie auch die Sekt- und Weinst\u00e4nde im Hof.<\/p>\n<\/div><\/section>\n\n<style type=\"text\/css\" data-created_by=\"avia_inline_auto\" id=\"style-css-av-av_gallery-6cc5eaa1cf25dea667c8c332f6a09c74\">\n#top .avia-gallery.av-av_gallery-6cc5eaa1cf25dea667c8c332f6a09c74 .avia-gallery-thumb a{\nwidth:20%;\n}\n<\/style>\n<div  class='avia-gallery av-av_gallery-6cc5eaa1cf25dea667c8c332f6a09c74 avia_animate_when_visible  avia-builder-el-8  el_after_av_textblock  el_before_av_heading  avia_lazyload avia-gallery-animate avia-gallery-2'  itemprop=\"image\" itemscope=\"itemscope\" itemtype=\"https:\/\/schema.org\/ImageObject\" ><meta itemprop=\"contentURL\" content=\"https:\/\/www.winzerhotel-storr.de\/fgrut\/garten-und-kultur\/\"><div class='avia-gallery-thumb'><a href=\"https:\/\/www.winzerhotel-storr.de\/fgrut\/wp-content\/uploads\/2016\/10\/kultur1.jpg\" data-srcset=\"https:\/\/www.winzerhotel-storr.de\/fgrut\/wp-content\/uploads\/2016\/10\/kultur1.jpg 500w, https:\/\/www.winzerhotel-storr.de\/fgrut\/wp-content\/uploads\/2016\/10\/kultur1-80x80.jpg 80w, https:\/\/www.winzerhotel-storr.de\/fgrut\/wp-content\/uploads\/2016\/10\/kultur1-300x300.jpg 300w, https:\/\/www.winzerhotel-storr.de\/fgrut\/wp-content\/uploads\/2016\/10\/kultur1-36x36.jpg 36w, https:\/\/www.winzerhotel-storr.de\/fgrut\/wp-content\/uploads\/2016\/10\/kultur1-180x180.jpg 180w, https:\/\/www.winzerhotel-storr.de\/fgrut\/wp-content\/uploads\/2016\/10\/kultur1-120x120.jpg 120w, https:\/\/www.winzerhotel-storr.de\/fgrut\/wp-content\/uploads\/2016\/10\/kultur1-450x450.jpg 450w\" data-sizes=\"(max-width: 500px) 100vw, 500px\" data-rel='gallery-2' data-prev-img='https:\/\/www.winzerhotel-storr.de\/fgrut\/wp-content\/uploads\/2016\/10\/kultur1-495x400.jpg' class='first_thumb lightbox ' data-onclick='1' title='kultur1'  itemprop=\"thumbnailUrl\"  ><img decoding=\"async\" fetchpriority=\"high\" class=\"wp-image-187 avia-img-lazy-loading-not-187\"   src=\"https:\/\/www.winzerhotel-storr.de\/fgrut\/wp-content\/uploads\/2016\/10\/kultur1-495x400.jpg\" width=\"495\" height=\"400\"  title='kultur1' alt='' \/><div class='big-prev-fake'><img decoding=\"async\" loading=\"lazy\" class=\"wp-image-187 avia-img-lazy-loading-187\"  width=\"495\" height=\"400\" src=\"https:\/\/www.winzerhotel-storr.de\/fgrut\/wp-content\/uploads\/2016\/10\/kultur1-495x400.jpg\" title='kultur1' alt='' \/><\/div><\/a><a href=\"https:\/\/www.winzerhotel-storr.de\/fgrut\/wp-content\/uploads\/2016\/10\/kultur2.jpg\" data-srcset=\"https:\/\/www.winzerhotel-storr.de\/fgrut\/wp-content\/uploads\/2016\/10\/kultur2.jpg 500w, https:\/\/www.winzerhotel-storr.de\/fgrut\/wp-content\/uploads\/2016\/10\/kultur2-80x80.jpg 80w, https:\/\/www.winzerhotel-storr.de\/fgrut\/wp-content\/uploads\/2016\/10\/kultur2-300x300.jpg 300w, https:\/\/www.winzerhotel-storr.de\/fgrut\/wp-content\/uploads\/2016\/10\/kultur2-36x36.jpg 36w, https:\/\/www.winzerhotel-storr.de\/fgrut\/wp-content\/uploads\/2016\/10\/kultur2-180x180.jpg 180w, https:\/\/www.winzerhotel-storr.de\/fgrut\/wp-content\/uploads\/2016\/10\/kultur2-120x120.jpg 120w, https:\/\/www.winzerhotel-storr.de\/fgrut\/wp-content\/uploads\/2016\/10\/kultur2-450x450.jpg 450w\" data-sizes=\"(max-width: 500px) 100vw, 500px\" data-rel='gallery-2' data-prev-img='https:\/\/www.winzerhotel-storr.de\/fgrut\/wp-content\/uploads\/2016\/10\/kultur2-495x400.jpg' class='lightbox ' data-onclick='2' title='kultur2'  itemprop=\"thumbnailUrl\"  ><img decoding=\"async\" fetchpriority=\"high\" class=\"wp-image-188 avia-img-lazy-loading-not-188\"   src=\"https:\/\/www.winzerhotel-storr.de\/fgrut\/wp-content\/uploads\/2016\/10\/kultur2-495x400.jpg\" width=\"495\" height=\"400\"  title='kultur2' alt='' \/><div class='big-prev-fake'><img decoding=\"async\" loading=\"lazy\" class=\"wp-image-188 avia-img-lazy-loading-188\"  width=\"495\" height=\"400\" src=\"https:\/\/www.winzerhotel-storr.de\/fgrut\/wp-content\/uploads\/2016\/10\/kultur2-495x400.jpg\" title='kultur2' alt='' \/><\/div><\/a><a href=\"https:\/\/www.winzerhotel-storr.de\/fgrut\/wp-content\/uploads\/2016\/10\/kultur3.jpg\" data-srcset=\"https:\/\/www.winzerhotel-storr.de\/fgrut\/wp-content\/uploads\/2016\/10\/kultur3.jpg 500w, https:\/\/www.winzerhotel-storr.de\/fgrut\/wp-content\/uploads\/2016\/10\/kultur3-80x80.jpg 80w, https:\/\/www.winzerhotel-storr.de\/fgrut\/wp-content\/uploads\/2016\/10\/kultur3-300x300.jpg 300w, https:\/\/www.winzerhotel-storr.de\/fgrut\/wp-content\/uploads\/2016\/10\/kultur3-36x36.jpg 36w, https:\/\/www.winzerhotel-storr.de\/fgrut\/wp-content\/uploads\/2016\/10\/kultur3-180x180.jpg 180w, https:\/\/www.winzerhotel-storr.de\/fgrut\/wp-content\/uploads\/2016\/10\/kultur3-120x120.jpg 120w, https:\/\/www.winzerhotel-storr.de\/fgrut\/wp-content\/uploads\/2016\/10\/kultur3-450x450.jpg 450w\" data-sizes=\"(max-width: 500px) 100vw, 500px\" data-rel='gallery-2' data-prev-img='https:\/\/www.winzerhotel-storr.de\/fgrut\/wp-content\/uploads\/2016\/10\/kultur3-495x400.jpg' class='lightbox ' data-onclick='3' title='kultur3'  itemprop=\"thumbnailUrl\"  ><img decoding=\"async\" fetchpriority=\"high\" class=\"wp-image-189 avia-img-lazy-loading-not-189\"   src=\"https:\/\/www.winzerhotel-storr.de\/fgrut\/wp-content\/uploads\/2016\/10\/kultur3-495x400.jpg\" width=\"495\" height=\"400\"  title='kultur3' alt='' \/><div class='big-prev-fake'><img decoding=\"async\" loading=\"lazy\" class=\"wp-image-189 avia-img-lazy-loading-189\"  width=\"495\" height=\"400\" src=\"https:\/\/www.winzerhotel-storr.de\/fgrut\/wp-content\/uploads\/2016\/10\/kultur3-495x400.jpg\" title='kultur3' alt='' \/><\/div><\/a><\/div><\/div>\n\n<style type=\"text\/css\" data-created_by=\"avia_inline_auto\" id=\"style-css-av-av_heading-91e6225a77b10023b513add6e02de5a6\">\n#top .av-special-heading.av-av_heading-91e6225a77b10023b513add6e02de5a6{\npadding-bottom:10px;\n}\nbody .av-special-heading.av-av_heading-91e6225a77b10023b513add6e02de5a6 .av-special-heading-tag .heading-char{\nfont-size:25px;\n}\n.av-special-heading.av-av_heading-91e6225a77b10023b513add6e02de5a6 .av-subheading{\nfont-size:15px;\n}\n<\/style>\n<div  class='av-special-heading av-av_heading-91e6225a77b10023b513add6e02de5a6 av-special-heading-h3  avia-builder-el-9  el_after_av_gallery  el_before_av_textblock '><h3 class='av-special-heading-tag'  itemprop=\"headline\"  >Initiativ am Wochenende<\/h3><div class=\"special-heading-border\"><div class=\"special-heading-inner-border\"><\/div><\/div><\/div>\n<section  class='av_textblock_section av-av_textblock-0366cc7376be6c9e82a3e9cc8987b64f '   itemscope=\"itemscope\" itemtype=\"https:\/\/schema.org\/CreativeWork\" ><div class='avia_textblock'  itemprop=\"text\" ><p>Ideal f\u00fcr alle, die ein unterhaltsames Wochenende genie\u00dfen m\u00f6chten. Nach einer Wanderung im Dautenheimer Himmelacker und einem Abstecher zum historischen Wingertsh\u00e4uschen \u2013 dem richtigen Ort f\u00fcr einen Umtrunk mitten in den Weinbergen \u2013 laden wir Sie zu einer Weinprobe im Kaminzimmer ein.<\/p>\n<p>Sechs Weine und ein Winzersekt werden verkostet, dazu wird Winzersteak serviert. W\u00e4hrend dessen erfahren Sie in einem Weinseminar alles Wissenswerte \u00fcber Weine und Kellerwirtschaft. Am morgen erwartet Sie ein reichhaltiges Fr\u00fchst\u00fccksbuffet.<\/p>\n<p>Preis pro Person im DZ: 55,50\u20ac<\/p>\n<\/div><\/section>\n","protected":false},"excerpt":{"rendered":"","protected":false},"author":1,"featured_media":0,"parent":0,"menu_order":0,"comment_status":"closed","ping_status":"closed","template":"","meta":{"footnotes":""},"class_list":["post-178","page","type-page","status-publish","hentry"],"_links":{"self":[{"href":"https:\/\/www.winzerhotel-storr.de\/fgrut\/wp-json\/wp\/v2\/pages\/178","targetHints":{"allow":["GET"]}}],"collection":[{"href":"https:\/\/www.winzerhotel-storr.de\/fgrut\/wp-json\/wp\/v2\/pages"}],"about":[{"href":"https:\/\/www.winzerhotel-storr.de\/fgrut\/wp-json\/wp\/v2\/types\/page"}],"author":[{"embeddable":true,"href":"https:\/\/www.winzerhotel-storr.de\/fgrut\/wp-json\/wp\/v2\/users\/1"}],"replies":[{"embeddable":true,"href":"https:\/\/www.winzerhotel-storr.de\/fgrut\/wp-json\/wp\/v2\/comments?post=178"}],"version-history":[{"count":7,"href":"https:\/\/www.winzerhotel-storr.de\/fgrut\/wp-json\/wp\/v2\/pages\/178\/revisions"}],"predecessor-version":[{"id":240,"href":"https:\/\/www.winzerhotel-storr.de\/fgrut\/wp-json\/wp\/v2\/pages\/178\/revisions\/240"}],"wp:attachment":[{"href":"https:\/\/www.winzerhotel-storr.de\/fgrut\/wp-json\/wp\/v2\/media?parent=178"}],"curies":[{"name":"wp","href":"https:\/\/api.w.org\/{rel}","templated":true}]}}