{"id":13,"date":"2016-10-10T12:21:17","date_gmt":"2016-10-10T10:21:17","guid":{"rendered":"http:\/\/www.winzerhotel-storr.de\/fgrut\/?page_id=13"},"modified":"2026-01-02T16:22:54","modified_gmt":"2026-01-02T15:22:54","slug":"winzerhotel","status":"publish","type":"page","link":"https:\/\/www.winzerhotel-storr.de\/fgrut\/winzerhotel\/","title":{"rendered":"Winzerhotel"},"content":{"rendered":"\n<style type=\"text\/css\" data-created_by=\"avia_inline_auto\" id=\"style-css-av-2a76x-02c4433468de5273f522776fb0a1dbe1\">\n#top .av-special-heading.av-2a76x-02c4433468de5273f522776fb0a1dbe1{\npadding-bottom:10px;\n}\nbody .av-special-heading.av-2a76x-02c4433468de5273f522776fb0a1dbe1 .av-special-heading-tag .heading-char{\nfont-size:25px;\n}\n.av-special-heading.av-2a76x-02c4433468de5273f522776fb0a1dbe1 .av-subheading{\nfont-size:15px;\n}\n<\/style>\n<div  class='av-special-heading av-2a76x-02c4433468de5273f522776fb0a1dbe1 av-special-heading-h1  avia-builder-el-0  el_before_av_slideshow_full  avia-builder-el-no-sibling '><h1 class='av-special-heading-tag'  itemprop=\"headline\"  >Winzerhotel Himmelacker im Weingut Storr<\/h1><div class=\"special-heading-border\"><div class=\"special-heading-inner-border\"><\/div><\/div><\/div>\n<\/div><\/div><\/div><!-- close content main div --><\/div><\/div><div id='full_slider_1'  class='avia-fullwidth-slider main_color avia-shadow   avia-builder-el-1  el_after_av_heading  el_before_av_textblock   slider-not-first container_wrap sidebar_right'  ><div  class='avia-slideshow av-5sh3p-afdfbeeaca038c3e913b598bd0728fbd avia-slideshow-no scaling av_slideshow_full avia-slide-slider av-slideshow-ui av-control-default av-slideshow-manual av-loop-once av-loop-manual-endless av-default-height-applied   avia-slideshow-1' data-slideshow-options=\"{&quot;animation&quot;:&quot;slide&quot;,&quot;autoplay&quot;:false,&quot;loop_autoplay&quot;:&quot;once&quot;,&quot;interval&quot;:5,&quot;loop_manual&quot;:&quot;manual-endless&quot;,&quot;autoplay_stopper&quot;:false,&quot;noNavigation&quot;:false,&quot;bg_slider&quot;:false,&quot;keep_padding&quot;:false,&quot;hoverpause&quot;:false,&quot;show_slide_delay&quot;:0}\"  itemprop=\"image\" itemscope=\"itemscope\" itemtype=\"https:\/\/schema.org\/ImageObject\" ><ul class='avia-slideshow-inner ' style='padding-bottom: 40%;'><li  class='avia-slideshow-slide av-5sh3p-afdfbeeaca038c3e913b598bd0728fbd__0  av-single-slide slide-1 slide-odd'><div data-rel='slideshow-1' class='avia-slide-wrap '   ><img decoding=\"async\" fetchpriority=\"high\" class=\"wp-image-544 avia-img-lazy-loading-not-544\"  src=\"https:\/\/www.winzerhotel-storr.de\/fgrut\/wp-content\/uploads\/2024\/03\/collage_hotel.jpg\" width=\"1500\" height=\"600\" title='collage_hotel' alt=''  itemprop=\"thumbnailUrl\" srcset=\"https:\/\/www.winzerhotel-storr.de\/fgrut\/wp-content\/uploads\/2024\/03\/collage_hotel.jpg 1500w, https:\/\/www.winzerhotel-storr.de\/fgrut\/wp-content\/uploads\/2024\/03\/collage_hotel-300x120.jpg 300w, https:\/\/www.winzerhotel-storr.de\/fgrut\/wp-content\/uploads\/2024\/03\/collage_hotel-1030x412.jpg 1030w, https:\/\/www.winzerhotel-storr.de\/fgrut\/wp-content\/uploads\/2024\/03\/collage_hotel-768x307.jpg 768w, https:\/\/www.winzerhotel-storr.de\/fgrut\/wp-content\/uploads\/2024\/03\/collage_hotel-705x282.jpg 705w\" sizes=\"(max-width: 1500px) 100vw, 1500px\" \/><\/div><\/li><\/ul><\/div><\/div><div id='after_full_slider_1'  class='main_color av_default_container_wrap container_wrap sidebar_right'  ><div class='container av-section-cont-open' ><div class='template-page content  av-content-small alpha units'><div class='post-entry post-entry-type-page post-entry-13'><div class='entry-content-wrapper clearfix'>\n<section  class='av_textblock_section av-435dx-22bfb8954a6a1cdc939eb0585a75c47d '   itemscope=\"itemscope\" itemtype=\"https:\/\/schema.org\/CreativeWork\" ><div class='avia_textblock'  itemprop=\"text\" ><p>Herzlich willkommen im Winzerhotel Himmelacker &#8211; Wo Tradition und Gastfreundschaft aufeinandertreffen!<\/p>\n<p>Seit 1993 erstrahlt unser Hotel im ehemaligen Heuspeicher des renommierten Weinguts Storr. Mit zwei Erweiterungen bieten wir nun vierzehn Doppelzimmer und vier Einzelzimmer, um unseren G\u00e4sten eine behagliche Unterkunft zu bieten.<\/p>\n<p>Unsere gem\u00fctlichen Zimmer, verteilt auf verschiedene Geb\u00e4ude des Anwesens, sind mit modernen Annehmlichkeiten wie Fernseher mit Satellitenanschluss und WLAN ausgestattet. Jedes Zimmer tr\u00e4gt den Namen einer Rebsorte, die auf unserem Weingut gedeiht.<\/p>\n<p>Der malerische Innenhof, liebevoll begr\u00fcnt, l\u00e4dt von Mai bis Oktober zum Verweilen ein &#8211; sei es f\u00fcr gesellige Treffen oder zur erholsamen Entspannung.<\/p>\n<\/div><\/section>\n\n<style type=\"text\/css\" data-created_by=\"avia_inline_auto\" id=\"style-css-av-1hdx9-2c333634d1be689be0893b8ce37f294b\">\n#top .av-special-heading.av-1hdx9-2c333634d1be689be0893b8ce37f294b{\npadding-bottom:10px;\n}\nbody .av-special-heading.av-1hdx9-2c333634d1be689be0893b8ce37f294b .av-special-heading-tag .heading-char{\nfont-size:25px;\n}\n.av-special-heading.av-1hdx9-2c333634d1be689be0893b8ce37f294b .av-subheading{\nfont-size:15px;\n}\n<\/style>\n<div  class='av-special-heading av-1hdx9-2c333634d1be689be0893b8ce37f294b av-special-heading-h3  avia-builder-el-3  el_after_av_textblock  el_before_av_textblock '><h3 class='av-special-heading-tag'  itemprop=\"headline\"  >Zimmerpreis mit Fr\u00fchst\u00fccksbuffet<\/h3><div class=\"special-heading-border\"><div class=\"special-heading-inner-border\"><\/div><\/div><\/div>\n<section  class='av_textblock_section av-23dcx-8005de6ea4eb5a06531d2e4898807b64 '   itemscope=\"itemscope\" itemtype=\"https:\/\/schema.org\/CreativeWork\" ><div class='avia_textblock'  itemprop=\"text\" ><p style=\"font-weight: 400;\">Einzelzimmer inkl. Fr\u00fchst\u00fcck ab 55 \u20ac \/ Nacht<br \/>\nDoppelzimmer inkl. Fr\u00fchst\u00fcck ab 93 \u20ac \/ Nacht<br \/>\nFamilienzimmer (2 Erwachsene + 1 Kind) inkl. Fr\u00fchst\u00fcck ab 125 \u20ac \/ Nacht<br \/>\nFamilienzimmer (2 Erwachsene + 2 Kinder) inkl. Fr\u00fchst\u00fcck ab 145 \u20ac \/ Nacht<br \/>\nKinder unter 3 Jahre, die im Elternbett \u00fcbernachten sind kostenlos.<br \/>\nKinderreisebett 10 \u20ac<br \/>\nWir lieben Tiere sehr und hoffen auf Ihr Verst\u00e4ndnis, dass diese leider nicht mitgebracht werden k\u00f6nnen.<\/p>\n<p>Zimmer mit Bad und WC, Telefon, WLAN und Fernseher mit Satellitenanschluss<\/p>\n<p>Check-In ab 14 Uhr, Check-Out bis 11 Uhr<\/p>\n<p>Fr\u00fchst\u00fcckszeiten: Mo &#8211; Fr: 6:30 Uhr &#8211; 9:00 Uhr; Sa, So und an Feiertagen: 8:00 Uhr &#8211; 10:30 Uhr<\/p>\n<\/div><\/section>\n<div  class='togglecontainer av-ltu9rw3m-3a0887dc3d50b4d74bafc1bcc1a564a7  avia-builder-el-5  el_after_av_textblock  el_before_av_masonry_gallery  avia-builder-el-last  toggle_close_all' >\n<section class='av_toggle_section av-ltu9rixm-d9a77cb9192dacb7b3505073e5f22795'  itemscope=\"itemscope\" itemtype=\"https:\/\/schema.org\/CreativeWork\" ><div role=\"tablist\" class=\"single_toggle\" data-tags=\"{Alle} \"  ><p data-fake-id='#toggle-id-1' class='toggler   '  itemprop=\"headline\"  role='tab' tabindex='0' aria-controls='toggle-id-1'>Zimmeranfrage<span class=\"toggle_icon\"><span class=\"vert_icon\"><\/span><span class=\"hor_icon\"><\/span><\/span><\/p><div id='toggle-id-1' class='toggle_wrap  '  ><div class='toggle_content invers-color '  itemprop=\"text\" >\n<div class=\"wpcf7 no-js\" id=\"wpcf7-f508-o1\" lang=\"de-DE\" dir=\"ltr\" data-wpcf7-id=\"508\">\n<div class=\"screen-reader-response\"><p role=\"status\" aria-live=\"polite\" aria-atomic=\"true\"><\/p> <ul><\/ul><\/div>\n<form action=\"\/fgrut\/wp-json\/wp\/v2\/pages\/13#wpcf7-f508-o1\" method=\"post\" class=\"wpcf7-form init\" aria-label=\"Kontaktformular\" novalidate=\"novalidate\" data-status=\"init\">\n<fieldset class=\"hidden-fields-container\"><input type=\"hidden\" name=\"_wpcf7\" value=\"508\" \/><input type=\"hidden\" name=\"_wpcf7_version\" value=\"6.1.5\" \/><input type=\"hidden\" name=\"_wpcf7_locale\" value=\"de_DE\" \/><input type=\"hidden\" name=\"_wpcf7_unit_tag\" value=\"wpcf7-f508-o1\" \/><input type=\"hidden\" name=\"_wpcf7_container_post\" value=\"0\" \/><input type=\"hidden\" name=\"_wpcf7_posted_data_hash\" value=\"\" \/>\n<\/fieldset>\n<p><label> Ihr Name<br \/>\n<span class=\"wpcf7-form-control-wrap\" data-name=\"your-name\"><input size=\"40\" maxlength=\"400\" class=\"wpcf7-form-control wpcf7-text wpcf7-validates-as-required\" autocomplete=\"name\" aria-required=\"true\" aria-invalid=\"false\" value=\"\" type=\"text\" name=\"your-name\" \/><\/span> <\/label>\n<\/p>\n<p><label> Ihre E-Mail-Adresse<br \/>\n<span class=\"wpcf7-form-control-wrap\" data-name=\"your-email\"><input size=\"40\" maxlength=\"400\" class=\"wpcf7-form-control wpcf7-email wpcf7-validates-as-required wpcf7-text wpcf7-validates-as-email\" autocomplete=\"email\" aria-required=\"true\" aria-invalid=\"false\" value=\"\" type=\"email\" name=\"your-email\" \/><\/span> <\/label>\n<\/p>\n<p><label> Betreff<br \/>\n<span class=\"wpcf7-form-control-wrap\" data-name=\"your-subject\"><input size=\"40\" maxlength=\"400\" class=\"wpcf7-form-control wpcf7-text wpcf7-validates-as-required\" aria-required=\"true\" aria-invalid=\"false\" value=\"\" type=\"text\" name=\"your-subject\" \/><\/span> <\/label>\n<\/p>\n<p><label> Anreise<br \/>\n<span class=\"wpcf7-form-control-wrap\" data-name=\"date-935\"><input class=\"wpcf7-form-control wpcf7-date wpcf7-validates-as-required wpcf7-validates-as-date\" aria-required=\"true\" aria-invalid=\"false\" placeholder=\"\" value=\"\" type=\"date\" name=\"date-935\" \/><\/span><\/label>\n<\/p>\n<p><label> Abreise<br \/>\n<span class=\"wpcf7-form-control-wrap\" data-name=\"date-834\"><input class=\"wpcf7-form-control wpcf7-date wpcf7-validates-as-required wpcf7-validates-as-date\" aria-required=\"true\" aria-invalid=\"false\" placeholder=\"\" value=\"\" type=\"date\" name=\"date-834\" \/><\/span><\/label>\n<\/p>\n<p><label> Anzahl Personen<br \/>\n<span class=\"wpcf7-form-control-wrap\" data-name=\"AnzahlPersonen\"><input size=\"40\" maxlength=\"400\" class=\"wpcf7-form-control wpcf7-text wpcf7-validates-as-required\" aria-required=\"true\" aria-invalid=\"false\" value=\"\" type=\"text\" name=\"AnzahlPersonen\" \/><\/span><\/label>\n<\/p>\n<p><label> Anzahl Zimmer<br \/>\n<span class=\"wpcf7-form-control-wrap\" data-name=\"AnzahlZimmer\"><input size=\"40\" maxlength=\"400\" class=\"wpcf7-form-control wpcf7-text wpcf7-validates-as-required\" aria-required=\"true\" aria-invalid=\"false\" value=\"\" type=\"text\" name=\"AnzahlZimmer\" \/><\/span><\/label>\n<\/p>\n<p><label> Ihre Nachricht (optional)<br \/>\n<span class=\"wpcf7-form-control-wrap\" data-name=\"your-message\"><textarea cols=\"40\" rows=\"10\" maxlength=\"2000\" class=\"wpcf7-form-control wpcf7-textarea\" aria-invalid=\"false\" name=\"your-message\"><\/textarea><\/span> <\/label><br \/>\n<span id=\"wpcf7-69f5acc4e47f7-wrapper\" class=\"wpcf7-form-control-wrap website-980-wrap\" style=\"display:none !important; visibility:hidden !important;\"><label for=\"wpcf7-69f5acc4e47f7-field\" class=\"hp-message\">Bitte lasse dieses Feld leer.<\/label><input id=\"wpcf7-69f5acc4e47f7-field\"  class=\"wpcf7-form-control wpcf7-text\" type=\"text\" name=\"website-980\" value=\"\" size=\"40\" tabindex=\"-1\" autocomplete=\"new-password\" \/><\/span>\n<\/p>\n<p><input class=\"wpcf7-form-control wpcf7-submit has-spinner\" type=\"submit\" value=\"Senden\" \/>\n<\/p><input type='hidden' class='wpcf7-pum' value='{\"closepopup\":false,\"closedelay\":0,\"openpopup\":false,\"openpopup_id\":0}' \/><div class=\"wpcf7-response-output\" aria-hidden=\"true\"><\/div>\n<\/form>\n<\/div>\n\n<\/div><\/div><\/div><\/section>\n<\/div>\n<div id='av-masonry-1' class='av-masonry av-ltwpr108-80d6b0f08e25d4fa9b9cb3bd9d9186d4 noHover av-fixed-size av-large-gap av-hover-overlay-active av-masonry-animation-active av-masonry-col-flexible av-caption-always av-caption-style- av-masonry-gallery ' data-post_id=\"13\"><div class=\"av-masonry-container isotope av-js-disabled\"><div class='av-masonry-entry isotope-item av-masonry-item-no-image '><\/div><a href=\"https:\/\/www.winzerhotel-storr.de\/fgrut\/wp-content\/uploads\/2024\/03\/IMG_0767.jpg\" data-srcset=\"https:\/\/www.winzerhotel-storr.de\/fgrut\/wp-content\/uploads\/2024\/03\/IMG_0767.jpg 800w, https:\/\/www.winzerhotel-storr.de\/fgrut\/wp-content\/uploads\/2024\/03\/IMG_0767-300x225.jpg 300w, https:\/\/www.winzerhotel-storr.de\/fgrut\/wp-content\/uploads\/2024\/03\/IMG_0767-768x576.jpg 768w, https:\/\/www.winzerhotel-storr.de\/fgrut\/wp-content\/uploads\/2024\/03\/IMG_0767-705x529.jpg 705w\" data-sizes=\"(max-width: 800px) 100vw, 800px\"  aria-label=\"Bild IMG_0767\"  id='av-masonry-1-item-472' data-av-masonry-item='472' class='av-masonry-entry isotope-item post-472 attachment type-attachment status-inherit hentry  av-masonry-item-with-image' title=\"IMG_0767\" alt=\"\"    itemprop=\"thumbnailUrl\" ><div class='av-inner-masonry-sizer'><\/div><figure class='av-inner-masonry main_color'><div class=\"av-masonry-outerimage-container\"><div class='av-masonry-image-container' style=\"background-image: url(https:\/\/www.winzerhotel-storr.de\/fgrut\/wp-content\/uploads\/2024\/03\/IMG_0767-705x529.jpg);\"  title=\"IMG_0767\"  ><\/div><\/div><\/figure><\/a><!--end av-masonry entry--><a href=\"https:\/\/www.winzerhotel-storr.de\/fgrut\/wp-content\/uploads\/2024\/03\/IMG_0766.jpg\" data-srcset=\"https:\/\/www.winzerhotel-storr.de\/fgrut\/wp-content\/uploads\/2024\/03\/IMG_0766.jpg 800w, https:\/\/www.winzerhotel-storr.de\/fgrut\/wp-content\/uploads\/2024\/03\/IMG_0766-300x225.jpg 300w, https:\/\/www.winzerhotel-storr.de\/fgrut\/wp-content\/uploads\/2024\/03\/IMG_0766-768x576.jpg 768w, https:\/\/www.winzerhotel-storr.de\/fgrut\/wp-content\/uploads\/2024\/03\/IMG_0766-705x529.jpg 705w\" data-sizes=\"(max-width: 800px) 100vw, 800px\"  aria-label=\"Bild IMG_0766\"  id='av-masonry-1-item-471' data-av-masonry-item='471' class='av-masonry-entry isotope-item post-471 attachment type-attachment status-inherit hentry  av-masonry-item-with-image' title=\"IMG_0766\" alt=\"\"    itemprop=\"thumbnailUrl\" ><div class='av-inner-masonry-sizer'><\/div><figure class='av-inner-masonry main_color'><div class=\"av-masonry-outerimage-container\"><div class='av-masonry-image-container' style=\"background-image: url(https:\/\/www.winzerhotel-storr.de\/fgrut\/wp-content\/uploads\/2024\/03\/IMG_0766-705x529.jpg);\"  title=\"IMG_0766\"  ><\/div><\/div><\/figure><\/a><!--end av-masonry entry--><a href=\"https:\/\/www.winzerhotel-storr.de\/fgrut\/wp-content\/uploads\/2024\/03\/innenhof.jpg\" data-srcset=\"https:\/\/www.winzerhotel-storr.de\/fgrut\/wp-content\/uploads\/2024\/03\/innenhof.jpg 800w, https:\/\/www.winzerhotel-storr.de\/fgrut\/wp-content\/uploads\/2024\/03\/innenhof-300x200.jpg 300w, https:\/\/www.winzerhotel-storr.de\/fgrut\/wp-content\/uploads\/2024\/03\/innenhof-768x512.jpg 768w, https:\/\/www.winzerhotel-storr.de\/fgrut\/wp-content\/uploads\/2024\/03\/innenhof-705x470.jpg 705w\" data-sizes=\"(max-width: 800px) 100vw, 800px\"  aria-label=\"Bild innenhof\"  id='av-masonry-1-item-468' data-av-masonry-item='468' class='av-masonry-entry isotope-item post-468 attachment type-attachment status-inherit hentry  av-masonry-item-with-image' title=\"innenhof\" alt=\"\"    itemprop=\"thumbnailUrl\" ><div class='av-inner-masonry-sizer'><\/div><figure class='av-inner-masonry main_color'><div class=\"av-masonry-outerimage-container\"><div class='av-masonry-image-container' style=\"background-image: url(https:\/\/www.winzerhotel-storr.de\/fgrut\/wp-content\/uploads\/2024\/03\/innenhof-705x470.jpg);\"  title=\"innenhof\"  ><\/div><\/div><\/figure><\/a><!--end av-masonry entry--><a href=\"https:\/\/www.winzerhotel-storr.de\/fgrut\/wp-content\/uploads\/2024\/03\/Weingut_Storr_Zimmer_260622_1-1030x687.jpg\" data-srcset=\"https:\/\/www.winzerhotel-storr.de\/fgrut\/wp-content\/uploads\/2024\/03\/Weingut_Storr_Zimmer_260622_1-1030x687.jpg 1030w, https:\/\/www.winzerhotel-storr.de\/fgrut\/wp-content\/uploads\/2024\/03\/Weingut_Storr_Zimmer_260622_1-300x200.jpg 300w, https:\/\/www.winzerhotel-storr.de\/fgrut\/wp-content\/uploads\/2024\/03\/Weingut_Storr_Zimmer_260622_1-768x512.jpg 768w, https:\/\/www.winzerhotel-storr.de\/fgrut\/wp-content\/uploads\/2024\/03\/Weingut_Storr_Zimmer_260622_1-705x470.jpg 705w, https:\/\/www.winzerhotel-storr.de\/fgrut\/wp-content\/uploads\/2024\/03\/Weingut_Storr_Zimmer_260622_1.jpg 1500w\" data-sizes=\"(max-width: 1030px) 100vw, 1030px\"  aria-label=\"Bild Weingut_Storr_Zimmer_260622_1\"  id='av-masonry-1-item-467' data-av-masonry-item='467' class='av-masonry-entry isotope-item post-467 attachment type-attachment status-inherit hentry  av-masonry-item-with-image' title=\"Weingut_Storr_Zimmer_260622_1\" alt=\"\"    itemprop=\"thumbnailUrl\" ><div class='av-inner-masonry-sizer'><\/div><figure class='av-inner-masonry main_color'><div class=\"av-masonry-outerimage-container\"><div class='av-masonry-image-container' style=\"background-image: url(https:\/\/www.winzerhotel-storr.de\/fgrut\/wp-content\/uploads\/2024\/03\/Weingut_Storr_Zimmer_260622_1-705x470.jpg);\"  title=\"Weingut_Storr_Zimmer_260622_1\"  ><\/div><\/div><\/figure><\/a><!--end av-masonry entry--><a href=\"https:\/\/www.winzerhotel-storr.de\/fgrut\/wp-content\/uploads\/2024\/03\/aussen.jpg\" data-srcset=\"https:\/\/www.winzerhotel-storr.de\/fgrut\/wp-content\/uploads\/2024\/03\/aussen.jpg 800w, https:\/\/www.winzerhotel-storr.de\/fgrut\/wp-content\/uploads\/2024\/03\/aussen-300x300.jpg 300w, https:\/\/www.winzerhotel-storr.de\/fgrut\/wp-content\/uploads\/2024\/03\/aussen-80x80.jpg 80w, https:\/\/www.winzerhotel-storr.de\/fgrut\/wp-content\/uploads\/2024\/03\/aussen-768x768.jpg 768w, https:\/\/www.winzerhotel-storr.de\/fgrut\/wp-content\/uploads\/2024\/03\/aussen-36x36.jpg 36w, https:\/\/www.winzerhotel-storr.de\/fgrut\/wp-content\/uploads\/2024\/03\/aussen-180x180.jpg 180w, https:\/\/www.winzerhotel-storr.de\/fgrut\/wp-content\/uploads\/2024\/03\/aussen-705x705.jpg 705w\" data-sizes=\"(max-width: 800px) 100vw, 800px\"  aria-label=\"Bild aussen\"  id='av-masonry-1-item-466' data-av-masonry-item='466' class='av-masonry-entry isotope-item post-466 attachment type-attachment status-inherit hentry  av-masonry-item-with-image' title=\"aussen\" alt=\"\"    itemprop=\"thumbnailUrl\" ><div class='av-inner-masonry-sizer'><\/div><figure class='av-inner-masonry main_color'><div class=\"av-masonry-outerimage-container\"><div class='av-masonry-image-container' style=\"background-image: url(https:\/\/www.winzerhotel-storr.de\/fgrut\/wp-content\/uploads\/2024\/03\/aussen-705x705.jpg);\"  title=\"aussen\"  ><\/div><\/div><\/figure><\/a><!--end av-masonry entry--><a href=\"https:\/\/www.winzerhotel-storr.de\/fgrut\/wp-content\/uploads\/2024\/03\/065_Weingut_Storr_260622-1030x687.jpg\" data-srcset=\"https:\/\/www.winzerhotel-storr.de\/fgrut\/wp-content\/uploads\/2024\/03\/065_Weingut_Storr_260622-1030x687.jpg 1030w, https:\/\/www.winzerhotel-storr.de\/fgrut\/wp-content\/uploads\/2024\/03\/065_Weingut_Storr_260622-300x200.jpg 300w, https:\/\/www.winzerhotel-storr.de\/fgrut\/wp-content\/uploads\/2024\/03\/065_Weingut_Storr_260622-768x512.jpg 768w, https:\/\/www.winzerhotel-storr.de\/fgrut\/wp-content\/uploads\/2024\/03\/065_Weingut_Storr_260622-705x470.jpg 705w, https:\/\/www.winzerhotel-storr.de\/fgrut\/wp-content\/uploads\/2024\/03\/065_Weingut_Storr_260622.jpg 1500w\" data-sizes=\"(max-width: 1030px) 100vw, 1030px\"  aria-label=\"Bild 065_Weingut_Storr_260622\"  id='av-masonry-1-item-462' data-av-masonry-item='462' class='av-masonry-entry isotope-item post-462 attachment type-attachment status-inherit hentry  av-masonry-item-with-image' title=\"065_Weingut_Storr_260622\" alt=\"\"    itemprop=\"thumbnailUrl\" ><div class='av-inner-masonry-sizer'><\/div><figure class='av-inner-masonry main_color'><div class=\"av-masonry-outerimage-container\"><div class='av-masonry-image-container' style=\"background-image: url(https:\/\/www.winzerhotel-storr.de\/fgrut\/wp-content\/uploads\/2024\/03\/065_Weingut_Storr_260622-705x470.jpg);\"  title=\"065_Weingut_Storr_260622\"  ><\/div><\/div><\/figure><\/a><!--end av-masonry entry--><\/div><\/div>\n\n<style type=\"text\/css\" data-created_by=\"avia_inline_auto\" id=\"style-css-av-u5cl-3c18e0a8096ade490c6c6d69cafd5051\">\n#top .av-special-heading.av-u5cl-3c18e0a8096ade490c6c6d69cafd5051{\npadding-bottom:10px;\n}\nbody .av-special-heading.av-u5cl-3c18e0a8096ade490c6c6d69cafd5051 .av-special-heading-tag .heading-char{\nfont-size:25px;\n}\n.av-special-heading.av-u5cl-3c18e0a8096ade490c6c6d69cafd5051 .av-subheading{\nfont-size:15px;\n}\n<\/style>\n<div  class='av-special-heading av-u5cl-3c18e0a8096ade490c6c6d69cafd5051 av-special-heading-h3  avia-builder-el-7  el_after_av_masonry_gallery  el_before_av_textblock  avia-builder-el-first '><h3 class='av-special-heading-tag'  itemprop=\"headline\"  >Initiativ am Wochenende<\/h3><div class=\"special-heading-border\"><div class=\"special-heading-inner-border\"><\/div><\/div><\/div>\n<section  class='av_textblock_section av-ourh-1bfa5727dfef750bb74c2b75ff7ee162 '   itemscope=\"itemscope\" itemtype=\"https:\/\/schema.org\/CreativeWork\" ><div class='avia_textblock'  itemprop=\"text\" ><p>Ideal f\u00fcr alle, die ein unterhaltsames Wochenende genie\u00dfen m\u00f6chten. Nach der Begr\u00fc\u00dfung mit einem Winzersekt beginnt die Planwagenfahrt durch den Dautenheimer Himmelacker und einem Abstecher zum Wingertsh\u00e4uschen \u2013 dem richtigen Ort f\u00fcr einen Umtrunk mitten in den Weinbergen. Im Anschluss laden wir Sie zu einer Weinprobe im Kaminzimmer ein.<\/p>\n<p>Sechs Weine werden verkostet, dazu wird Winzersteak oder nach Absprache eine vegetarische Alternative serviert. W\u00e4hrend dessen erfahren Sie in einem Weinseminar alles Wissenswerte \u00fcber die Weine und deren Herstellung.<\/p>\n<p>Initativprogramm ab 67,50 \u20ac p.P.<\/p>\n<\/div><\/section>\n","protected":false},"excerpt":{"rendered":"","protected":false},"author":1,"featured_media":0,"parent":0,"menu_order":0,"comment_status":"closed","ping_status":"closed","template":"","meta":{"footnotes":""},"class_list":["post-13","page","type-page","status-publish","hentry"],"_links":{"self":[{"href":"https:\/\/www.winzerhotel-storr.de\/fgrut\/wp-json\/wp\/v2\/pages\/13","targetHints":{"allow":["GET"]}}],"collection":[{"href":"https:\/\/www.winzerhotel-storr.de\/fgrut\/wp-json\/wp\/v2\/pages"}],"about":[{"href":"https:\/\/www.winzerhotel-storr.de\/fgrut\/wp-json\/wp\/v2\/types\/page"}],"author":[{"embeddable":true,"href":"https:\/\/www.winzerhotel-storr.de\/fgrut\/wp-json\/wp\/v2\/users\/1"}],"replies":[{"embeddable":true,"href":"https:\/\/www.winzerhotel-storr.de\/fgrut\/wp-json\/wp\/v2\/comments?post=13"}],"version-history":[{"count":40,"href":"https:\/\/www.winzerhotel-storr.de\/fgrut\/wp-json\/wp\/v2\/pages\/13\/revisions"}],"predecessor-version":[{"id":2253,"href":"https:\/\/www.winzerhotel-storr.de\/fgrut\/wp-json\/wp\/v2\/pages\/13\/revisions\/2253"}],"wp:attachment":[{"href":"https:\/\/www.winzerhotel-storr.de\/fgrut\/wp-json\/wp\/v2\/media?parent=13"}],"curies":[{"name":"wp","href":"https:\/\/api.w.org\/{rel}","templated":true}]}}